{"id":113,"date":"2013-09-05T05:49:58","date_gmt":"2013-09-05T05:49:58","guid":{"rendered":"http:\/\/www.sbh-dresden.de\/CMS\/WP\/?page_id=113"},"modified":"2016-11-04T14:27:42","modified_gmt":"2016-11-04T14:27:42","slug":"gemuese","status":"publish","type":"page","link":"http:\/\/www.sbh-dresden.de\/CMS\/WP\/gemuese\/","title":{"rendered":"Gem\u00fcse"},"content":{"rendered":"<div id='gallery-1' class='gallery galleryid-113 gallery-columns-5 gallery-size-thumbnail'><figure class='gallery-item'>\n\t\t\t<div class='gallery-icon landscape'>\n\t\t\t\t<img loading=\"lazy\" decoding=\"async\" width=\"150\" height=\"150\" src=\"http:\/\/www.sbh-dresden.de\/CMS\/WP\/wp-content\/uploads\/2013\/09\/aboutpixel.de-Salattrio-Rainer-Sturm-150x150.jpg\" class=\"attachment-thumbnail size-thumbnail\" alt=\"\" srcset=\"http:\/\/www.sbh-dresden.de\/CMS\/WP\/wp-content\/uploads\/2013\/09\/aboutpixel.de-Salattrio-Rainer-Sturm-150x150.jpg 150w, http:\/\/www.sbh-dresden.de\/CMS\/WP\/wp-content\/uploads\/2013\/09\/aboutpixel.de-Salattrio-Rainer-Sturm-96x96.jpg 96w, http:\/\/www.sbh-dresden.de\/CMS\/WP\/wp-content\/uploads\/2013\/09\/aboutpixel.de-Salattrio-Rainer-Sturm-24x24.jpg 24w, http:\/\/www.sbh-dresden.de\/CMS\/WP\/wp-content\/uploads\/2013\/09\/aboutpixel.de-Salattrio-Rainer-Sturm-36x36.jpg 36w, http:\/\/www.sbh-dresden.de\/CMS\/WP\/wp-content\/uploads\/2013\/09\/aboutpixel.de-Salattrio-Rainer-Sturm-48x48.jpg 48w, http:\/\/www.sbh-dresden.de\/CMS\/WP\/wp-content\/uploads\/2013\/09\/aboutpixel.de-Salattrio-Rainer-Sturm-64x64.jpg 64w\" sizes=\"auto, (max-width: 150px) 100vw, 150px\" \/>\n\t\t\t<\/div><\/figure><figure class='gallery-item'>\n\t\t\t<div class='gallery-icon portrait'>\n\t\t\t\t<img loading=\"lazy\" decoding=\"async\" width=\"150\" height=\"150\" src=\"http:\/\/www.sbh-dresden.de\/CMS\/WP\/wp-content\/uploads\/2013\/09\/rosemary-1583261-150x150.jpg\" class=\"attachment-thumbnail size-thumbnail\" alt=\"\" srcset=\"http:\/\/www.sbh-dresden.de\/CMS\/WP\/wp-content\/uploads\/2013\/09\/rosemary-1583261-150x150.jpg 150w, http:\/\/www.sbh-dresden.de\/CMS\/WP\/wp-content\/uploads\/2013\/09\/rosemary-1583261-250x250.jpg 250w, http:\/\/www.sbh-dresden.de\/CMS\/WP\/wp-content\/uploads\/2013\/09\/rosemary-1583261-100x100.jpg 100w, http:\/\/www.sbh-dresden.de\/CMS\/WP\/wp-content\/uploads\/2013\/09\/rosemary-1583261-144x144.jpg 144w, http:\/\/www.sbh-dresden.de\/CMS\/WP\/wp-content\/uploads\/2013\/09\/rosemary-1583261-96x96.jpg 96w, http:\/\/www.sbh-dresden.de\/CMS\/WP\/wp-content\/uploads\/2013\/09\/rosemary-1583261-24x24.jpg 24w, http:\/\/www.sbh-dresden.de\/CMS\/WP\/wp-content\/uploads\/2013\/09\/rosemary-1583261-36x36.jpg 36w, http:\/\/www.sbh-dresden.de\/CMS\/WP\/wp-content\/uploads\/2013\/09\/rosemary-1583261-48x48.jpg 48w, http:\/\/www.sbh-dresden.de\/CMS\/WP\/wp-content\/uploads\/2013\/09\/rosemary-1583261-64x64.jpg 64w\" sizes=\"auto, (max-width: 150px) 100vw, 150px\" \/>\n\t\t\t<\/div><\/figure><figure class='gallery-item'>\n\t\t\t<div class='gallery-icon landscape'>\n\t\t\t\t<img loading=\"lazy\" decoding=\"async\" width=\"150\" height=\"150\" src=\"http:\/\/www.sbh-dresden.de\/CMS\/WP\/wp-content\/uploads\/2013\/09\/aboutpixel.de-3er-Pack-Barucha-Sven-selfmade1-150x150.jpg\" class=\"attachment-thumbnail size-thumbnail\" alt=\"\" srcset=\"http:\/\/www.sbh-dresden.de\/CMS\/WP\/wp-content\/uploads\/2013\/09\/aboutpixel.de-3er-Pack-Barucha-Sven-selfmade1-150x150.jpg 150w, http:\/\/www.sbh-dresden.de\/CMS\/WP\/wp-content\/uploads\/2013\/09\/aboutpixel.de-3er-Pack-Barucha-Sven-selfmade1-96x96.jpg 96w, http:\/\/www.sbh-dresden.de\/CMS\/WP\/wp-content\/uploads\/2013\/09\/aboutpixel.de-3er-Pack-Barucha-Sven-selfmade1-24x24.jpg 24w, http:\/\/www.sbh-dresden.de\/CMS\/WP\/wp-content\/uploads\/2013\/09\/aboutpixel.de-3er-Pack-Barucha-Sven-selfmade1-36x36.jpg 36w, http:\/\/www.sbh-dresden.de\/CMS\/WP\/wp-content\/uploads\/2013\/09\/aboutpixel.de-3er-Pack-Barucha-Sven-selfmade1-48x48.jpg 48w, http:\/\/www.sbh-dresden.de\/CMS\/WP\/wp-content\/uploads\/2013\/09\/aboutpixel.de-3er-Pack-Barucha-Sven-selfmade1-64x64.jpg 64w\" sizes=\"auto, (max-width: 150px) 100vw, 150px\" \/>\n\t\t\t<\/div><\/figure><figure class='gallery-item'>\n\t\t\t<div class='gallery-icon landscape'>\n\t\t\t\t<img loading=\"lazy\" decoding=\"async\" width=\"150\" height=\"150\" src=\"http:\/\/www.sbh-dresden.de\/CMS\/WP\/wp-content\/uploads\/2013\/09\/aboutpixel.de-Spargel-Svair-150x150.jpg\" class=\"attachment-thumbnail size-thumbnail\" alt=\"\" srcset=\"http:\/\/www.sbh-dresden.de\/CMS\/WP\/wp-content\/uploads\/2013\/09\/aboutpixel.de-Spargel-Svair-150x150.jpg 150w, http:\/\/www.sbh-dresden.de\/CMS\/WP\/wp-content\/uploads\/2013\/09\/aboutpixel.de-Spargel-Svair-96x96.jpg 96w, http:\/\/www.sbh-dresden.de\/CMS\/WP\/wp-content\/uploads\/2013\/09\/aboutpixel.de-Spargel-Svair-24x24.jpg 24w, http:\/\/www.sbh-dresden.de\/CMS\/WP\/wp-content\/uploads\/2013\/09\/aboutpixel.de-Spargel-Svair-36x36.jpg 36w, http:\/\/www.sbh-dresden.de\/CMS\/WP\/wp-content\/uploads\/2013\/09\/aboutpixel.de-Spargel-Svair-48x48.jpg 48w, http:\/\/www.sbh-dresden.de\/CMS\/WP\/wp-content\/uploads\/2013\/09\/aboutpixel.de-Spargel-Svair-64x64.jpg 64w\" sizes=\"auto, (max-width: 150px) 100vw, 150px\" \/>\n\t\t\t<\/div><\/figure><figure class='gallery-item'>\n\t\t\t<div class='gallery-icon landscape'>\n\t\t\t\t<img loading=\"lazy\" decoding=\"async\" width=\"150\" height=\"150\" src=\"http:\/\/www.sbh-dresden.de\/CMS\/WP\/wp-content\/uploads\/2013\/09\/tomato-1595804-150x150.jpg\" class=\"attachment-thumbnail size-thumbnail\" alt=\"\" srcset=\"http:\/\/www.sbh-dresden.de\/CMS\/WP\/wp-content\/uploads\/2013\/09\/tomato-1595804-150x150.jpg 150w, http:\/\/www.sbh-dresden.de\/CMS\/WP\/wp-content\/uploads\/2013\/09\/tomato-1595804-250x250.jpg 250w, http:\/\/www.sbh-dresden.de\/CMS\/WP\/wp-content\/uploads\/2013\/09\/tomato-1595804-100x100.jpg 100w, http:\/\/www.sbh-dresden.de\/CMS\/WP\/wp-content\/uploads\/2013\/09\/tomato-1595804-144x144.jpg 144w, http:\/\/www.sbh-dresden.de\/CMS\/WP\/wp-content\/uploads\/2013\/09\/tomato-1595804-96x96.jpg 96w, http:\/\/www.sbh-dresden.de\/CMS\/WP\/wp-content\/uploads\/2013\/09\/tomato-1595804-24x24.jpg 24w, http:\/\/www.sbh-dresden.de\/CMS\/WP\/wp-content\/uploads\/2013\/09\/tomato-1595804-36x36.jpg 36w, http:\/\/www.sbh-dresden.de\/CMS\/WP\/wp-content\/uploads\/2013\/09\/tomato-1595804-48x48.jpg 48w, http:\/\/www.sbh-dresden.de\/CMS\/WP\/wp-content\/uploads\/2013\/09\/tomato-1595804-64x64.jpg 64w\" sizes=\"auto, (max-width: 150px) 100vw, 150px\" \/>\n\t\t\t<\/div><\/figure>\n\t\t<\/div>\n\n<h2 style=\"text-align: center;\"><strong>Gurken<\/strong><\/h2>\n<h2 style=\"text-align: center;\"><strong>Tomaten<\/strong><\/h2>\n<h2 style=\"text-align: center;\"><strong>Paprika<\/strong><\/h2>\n<h2 style=\"text-align: center;\"><strong>Salate<\/strong><\/h2>\n<p style=\"text-align: center;\">Eisberg &#8211; Endivie &#8211; Lollo Rosso &#8211; Lollo Bionda &#8211; Eiskrautsalat &#8211; Eichblatt &#8211; Kopfsalat &#8211; Rucola &#8211; Radicchio &#8211; R\u00f6mersalat &#8211; Salatherzen &#8211; Pak Choi &#8211; Batavia &#8211; Portulak &#8211; Mangold &#8211; L\u00f6wenzahn &#8211; Kopfsalat &#8211; Frissee &#8211; Feldsalat<\/p>\n<h2 style=\"text-align: center;\"><strong>M\u00f6hren<\/strong><\/h2>\n<h2 style=\"text-align: center;\" align=\"center\"><strong>Pilze<\/strong><\/h2>\n<p style=\"text-align: center;\" align=\"center\">Champignons &#8211; Austernpilze &#8211; Pfifferlinge &#8211; Steinpilze &#8211; Maronen &#8211; Kr\u00e4uterseitlinge &#8211; Shi Take &#8211; Tr\u00fcffel &#8211; Rotkappen &#8211; Herbsttrompeten &#8211; Morcheln<\/p>\n<h2 style=\"text-align: center;\" align=\"center\"><strong>Kohlgem\u00fcse<\/strong><\/h2>\n<p style=\"text-align: center;\" align=\"center\">Weisskohl &#8211; Rotkohl &#8211; Spitzkohl &#8211; Broccoli &#8211; Wirsingkohl &#8211; Chinakohl &#8211; Gr\u00fcnkohl &#8211; Romanesco &#8211; Blumenkohl<\/p>\n<h2 style=\"text-align: center;\" align=\"center\"><strong>Zwiebeln<\/strong><\/h2>\n<h2 style=\"text-align: center;\" align=\"center\"><strong>Kartoffeln<\/strong><\/h2>\n<h2 style=\"text-align: center;\" align=\"center\"><strong>Gesch\u00e4lte &amp; gegarte Kartoffeln<\/strong><\/h2>\n<h2 style=\"text-align: center;\" align=\"center\"><strong>Spargel<\/strong><\/h2>\n<p style=\"text-align: center;\">wei\u00dfer Spargel &#8211; gr\u00fcner Spargel &#8211; gesch\u00e4lter Spargel<\/p>\n<h2 style=\"text-align: center;\" align=\"center\"><strong>Kr\u00e4uter<\/strong><\/h2>\n<p style=\"text-align: center;\" align=\"center\">Petersilie &#8211; Dill &#8211; Schnittlauch &#8211; B\u00e4rlauch &#8211; Bohnenkraut &#8211; Basilikum &#8211; Rosmarin &#8211; Koriander &#8211; Majoran &#8211; Oregano &#8211; Thymian &#8211; Minze &#8211; Salbei &#8211; Pfefferminze &#8211; Blumenbl\u00fcten &#8211; Estragon &#8211; Liebstock &#8211; Zucchinibl\u00fcten &#8211; Melisse &#8211; Kerbel &#8211; Lavendel &#8211; Boretzsch &#8211; Beifu\u00df &#8211; Sauerampfer &#8211; Waldmeister<\/p>\n<h2 style=\"text-align: center;\" align=\"center\"><strong>Sprossen<\/strong><\/h2>\n<p style=\"text-align: center;\" align=\"center\">Alfalfasprossen &#8211; Sojasprossen &#8211; Linsenkeime &#8211; Rote Beete Sprossen &#8211; Radiessprossen &#8211; Rettichsprossen &#8211; Rotkohlsprossen &#8211; Crunchymix &#8211; Zwiebelsprossen<\/p>\n<h2 style=\"text-align: center;\" align=\"center\"><strong>Sonstiges Gem\u00fcse<\/strong><\/h2>\n<p style=\"text-align: center;\" align=\"center\">Auberginen &#8211; Artischocken &#8211; Bohnen &#8211; Chicorree &#8211; Erbsen &#8211; Fenchel &#8211; Knoblauch &#8211; Knollensellerie &#8211; Kohlrabi &#8211; Kohlr\u00fcbe &#8211; Kresse &#8211; K\u00fcrbis &#8211; Meerrettich &#8211; Pastinaken &#8211; Petersilienwurzel &#8211; Porree &#8211; Radies &#8211; Rettich &#8211; Rhabarber &#8211; Rote Beete &#8211; Schwarzwurzel &#8211; Stangensellerie &#8211; Spinat &#8211; Zucchini &#8211; Zuckerschoten<\/p>\n","protected":false},"excerpt":{"rendered":"<p>Gurken Tomaten Paprika Salate Eisberg &#8211; Endivie &#8211; Lollo Rosso &#8211; Lollo Bionda &#8211; Eiskrautsalat &#8211; Eichblatt &#8211; Kopfsalat &#8211; Rucola &#8211; Radicchio &#8211; R\u00f6mersalat &#8211; Salatherzen &#8211; Pak Choi &#8211; Batavia &#8211; Portulak &#8211; Mangold &#8211; L\u00f6wenzahn &#8211; Kopfsalat &#8211; Frissee &#8211; Feldsalat M\u00f6hren Pilze Champignons &#8211; Austernpilze &#8211; Pfifferlinge &#8211; Steinpilze &#8211; Maronen &#8211; Kr\u00e4uterseitlinge &#8211; Shi Take &#8211; Tr\u00fcffel &#8211; Rotkappen &#8211; Herbsttrompeten &#8211; Morcheln Kohlgem\u00fcse Weisskohl &#8211; Rotkohl &#8211; Spitzkohl &#8211; Broccoli &#8211; Wirsingkohl &#8211; Chinakohl&#8230;<\/p>\n<p class=\"read-more\"><a class=\"btn btn-default\" href=\"http:\/\/www.sbh-dresden.de\/CMS\/WP\/gemuese\/\">Weiterlesen<span class=\"screen-reader-text\"> Weiterlesen<\/span><\/a><\/p>\n","protected":false},"author":1,"featured_media":0,"parent":0,"menu_order":0,"comment_status":"closed","ping_status":"closed","template":"","meta":{"footnotes":""},"class_list":["post-113","page","type-page","status-publish","hentry"],"_links":{"self":[{"href":"http:\/\/www.sbh-dresden.de\/CMS\/WP\/wp-json\/wp\/v2\/pages\/113","targetHints":{"allow":["GET"]}}],"collection":[{"href":"http:\/\/www.sbh-dresden.de\/CMS\/WP\/wp-json\/wp\/v2\/pages"}],"about":[{"href":"http:\/\/www.sbh-dresden.de\/CMS\/WP\/wp-json\/wp\/v2\/types\/page"}],"author":[{"embeddable":true,"href":"http:\/\/www.sbh-dresden.de\/CMS\/WP\/wp-json\/wp\/v2\/users\/1"}],"replies":[{"embeddable":true,"href":"http:\/\/www.sbh-dresden.de\/CMS\/WP\/wp-json\/wp\/v2\/comments?post=113"}],"version-history":[{"count":11,"href":"http:\/\/www.sbh-dresden.de\/CMS\/WP\/wp-json\/wp\/v2\/pages\/113\/revisions"}],"predecessor-version":[{"id":714,"href":"http:\/\/www.sbh-dresden.de\/CMS\/WP\/wp-json\/wp\/v2\/pages\/113\/revisions\/714"}],"wp:attachment":[{"href":"http:\/\/www.sbh-dresden.de\/CMS\/WP\/wp-json\/wp\/v2\/media?parent=113"}],"curies":[{"name":"wp","href":"https:\/\/api.w.org\/{rel}","templated":true}]}}