{"id":115,"date":"2013-09-05T05:50:16","date_gmt":"2013-09-05T05:50:16","guid":{"rendered":"http:\/\/www.sbh-dresden.de\/CMS\/WP\/?page_id=115"},"modified":"2013-10-30T10:09:04","modified_gmt":"2013-10-30T10:09:04","slug":"convenience","status":"publish","type":"page","link":"http:\/\/www.sbh-dresden.de\/CMS\/WP\/convenience\/","title":{"rendered":"Convenience"},"content":{"rendered":"<div id='gallery-1' class='gallery galleryid-115 gallery-columns-5 gallery-size-thumbnail'><figure class='gallery-item'>\n\t\t\t<div class='gallery-icon landscape'>\n\t\t\t\t<img loading=\"lazy\" decoding=\"async\" width=\"150\" height=\"150\" src=\"http:\/\/www.sbh-dresden.de\/CMS\/WP\/wp-content\/uploads\/2013\/09\/Apfel-freigestellt-150x150.jpg\" class=\"attachment-thumbnail size-thumbnail\" alt=\"\" srcset=\"http:\/\/www.sbh-dresden.de\/CMS\/WP\/wp-content\/uploads\/2013\/09\/Apfel-freigestellt-150x150.jpg 150w, http:\/\/www.sbh-dresden.de\/CMS\/WP\/wp-content\/uploads\/2013\/09\/Apfel-freigestellt-96x96.jpg 96w, http:\/\/www.sbh-dresden.de\/CMS\/WP\/wp-content\/uploads\/2013\/09\/Apfel-freigestellt-24x24.jpg 24w, http:\/\/www.sbh-dresden.de\/CMS\/WP\/wp-content\/uploads\/2013\/09\/Apfel-freigestellt-36x36.jpg 36w, http:\/\/www.sbh-dresden.de\/CMS\/WP\/wp-content\/uploads\/2013\/09\/Apfel-freigestellt-48x48.jpg 48w, http:\/\/www.sbh-dresden.de\/CMS\/WP\/wp-content\/uploads\/2013\/09\/Apfel-freigestellt-64x64.jpg 64w\" sizes=\"auto, (max-width: 150px) 100vw, 150px\" \/>\n\t\t\t<\/div><\/figure><figure class='gallery-item'>\n\t\t\t<div class='gallery-icon landscape'>\n\t\t\t\t<img loading=\"lazy\" decoding=\"async\" width=\"150\" height=\"150\" src=\"http:\/\/www.sbh-dresden.de\/CMS\/WP\/wp-content\/uploads\/2013\/09\/obstsalat_klein-150x150.jpg\" class=\"attachment-thumbnail size-thumbnail\" alt=\"\" srcset=\"http:\/\/www.sbh-dresden.de\/CMS\/WP\/wp-content\/uploads\/2013\/09\/obstsalat_klein-150x150.jpg 150w, http:\/\/www.sbh-dresden.de\/CMS\/WP\/wp-content\/uploads\/2013\/09\/obstsalat_klein-96x96.jpg 96w, http:\/\/www.sbh-dresden.de\/CMS\/WP\/wp-content\/uploads\/2013\/09\/obstsalat_klein-24x24.jpg 24w, http:\/\/www.sbh-dresden.de\/CMS\/WP\/wp-content\/uploads\/2013\/09\/obstsalat_klein-36x36.jpg 36w, http:\/\/www.sbh-dresden.de\/CMS\/WP\/wp-content\/uploads\/2013\/09\/obstsalat_klein-48x48.jpg 48w, http:\/\/www.sbh-dresden.de\/CMS\/WP\/wp-content\/uploads\/2013\/09\/obstsalat_klein-64x64.jpg 64w\" sizes=\"auto, (max-width: 150px) 100vw, 150px\" \/>\n\t\t\t<\/div><\/figure><figure class='gallery-item'>\n\t\t\t<div class='gallery-icon landscape'>\n\t\t\t\t<img loading=\"lazy\" decoding=\"async\" width=\"150\" height=\"150\" src=\"http:\/\/www.sbh-dresden.de\/CMS\/WP\/wp-content\/uploads\/2013\/09\/CIMG2253_2-150x150.jpg\" class=\"attachment-thumbnail size-thumbnail\" alt=\"\" srcset=\"http:\/\/www.sbh-dresden.de\/CMS\/WP\/wp-content\/uploads\/2013\/09\/CIMG2253_2-150x150.jpg 150w, http:\/\/www.sbh-dresden.de\/CMS\/WP\/wp-content\/uploads\/2013\/09\/CIMG2253_2-96x96.jpg 96w, http:\/\/www.sbh-dresden.de\/CMS\/WP\/wp-content\/uploads\/2013\/09\/CIMG2253_2-24x24.jpg 24w, http:\/\/www.sbh-dresden.de\/CMS\/WP\/wp-content\/uploads\/2013\/09\/CIMG2253_2-36x36.jpg 36w, http:\/\/www.sbh-dresden.de\/CMS\/WP\/wp-content\/uploads\/2013\/09\/CIMG2253_2-48x48.jpg 48w, http:\/\/www.sbh-dresden.de\/CMS\/WP\/wp-content\/uploads\/2013\/09\/CIMG2253_2-64x64.jpg 64w\" sizes=\"auto, (max-width: 150px) 100vw, 150px\" \/>\n\t\t\t<\/div><\/figure><figure class='gallery-item'>\n\t\t\t<div class='gallery-icon landscape'>\n\t\t\t\t<img loading=\"lazy\" decoding=\"async\" width=\"150\" height=\"150\" src=\"http:\/\/www.sbh-dresden.de\/CMS\/WP\/wp-content\/uploads\/2013\/09\/paprika-150x150.jpg\" class=\"attachment-thumbnail size-thumbnail\" alt=\"\" srcset=\"http:\/\/www.sbh-dresden.de\/CMS\/WP\/wp-content\/uploads\/2013\/09\/paprika-150x150.jpg 150w, http:\/\/www.sbh-dresden.de\/CMS\/WP\/wp-content\/uploads\/2013\/09\/paprika-96x96.jpg 96w, http:\/\/www.sbh-dresden.de\/CMS\/WP\/wp-content\/uploads\/2013\/09\/paprika-24x24.jpg 24w, http:\/\/www.sbh-dresden.de\/CMS\/WP\/wp-content\/uploads\/2013\/09\/paprika-36x36.jpg 36w, http:\/\/www.sbh-dresden.de\/CMS\/WP\/wp-content\/uploads\/2013\/09\/paprika-48x48.jpg 48w, http:\/\/www.sbh-dresden.de\/CMS\/WP\/wp-content\/uploads\/2013\/09\/paprika-64x64.jpg 64w\" sizes=\"auto, (max-width: 150px) 100vw, 150px\" \/>\n\t\t\t<\/div><\/figure><figure class='gallery-item'>\n\t\t\t<div class='gallery-icon landscape'>\n\t\t\t\t<img loading=\"lazy\" decoding=\"async\" width=\"150\" height=\"150\" src=\"http:\/\/www.sbh-dresden.de\/CMS\/WP\/wp-content\/uploads\/2013\/09\/Obstplatte-150x150.jpg\" class=\"attachment-thumbnail size-thumbnail\" alt=\"\" srcset=\"http:\/\/www.sbh-dresden.de\/CMS\/WP\/wp-content\/uploads\/2013\/09\/Obstplatte-150x150.jpg 150w, http:\/\/www.sbh-dresden.de\/CMS\/WP\/wp-content\/uploads\/2013\/09\/Obstplatte-96x96.jpg 96w, http:\/\/www.sbh-dresden.de\/CMS\/WP\/wp-content\/uploads\/2013\/09\/Obstplatte-24x24.jpg 24w, http:\/\/www.sbh-dresden.de\/CMS\/WP\/wp-content\/uploads\/2013\/09\/Obstplatte-36x36.jpg 36w, http:\/\/www.sbh-dresden.de\/CMS\/WP\/wp-content\/uploads\/2013\/09\/Obstplatte-48x48.jpg 48w, http:\/\/www.sbh-dresden.de\/CMS\/WP\/wp-content\/uploads\/2013\/09\/Obstplatte-64x64.jpg 64w\" sizes=\"auto, (max-width: 150px) 100vw, 150px\" \/>\n\t\t\t<\/div><\/figure>\n\t\t<\/div>\n\n<h2 style=\"text-align: center;\"><strong>Backbelegsfr\u00fcchte<\/strong><\/h2>\n<h2 style=\"text-align: center;\"><strong>K\u00fcchenfertiges Gem\u00fcse<\/strong><\/h2>\n<h2 style=\"text-align: center;\"><strong>K\u00fcchenfertiges Obst \/ Obstsalate<\/strong><\/h2>\n<h2 style=\"text-align: center;\"><strong>K\u00fcchenfertige Kr\u00e4uter<\/strong><\/h2>\n<h2 style=\"text-align: center;\"><strong>K\u00fcchenfertige Mischsalate<\/strong><\/h2>\n<h2 style=\"text-align: center;\"><strong>Salatschalen<\/strong><\/h2>\n<h2 style=\"text-align: center;\"><strong>Gew\u00fcrzte Salate<\/strong><\/h2>\n<h2 style=\"text-align: center;\"><strong>Portionsabpackungen<\/strong><\/h2>\n<p style=\"text-align: center;\">Ist Ihr Wunschsalat nicht dabei? Haben Sie die passende Schnittart nicht gefunden? Kein Problem. Wir gehen gerne auf Ihre W\u00fcnsche ein und mischen den Salat nach Ihren Vorgaben oder schneiden das Obst und Gem\u00fcse nach Ihren Vorstellungen und Erfordernissen. Da diese Sonderschnitte teilweise nur durch Handarbeit zu realisieren sind, bitten wir Sie, rechtzeitig mit unserem Verkaufspersonal zu sprechen. Auch geschnitztes und verziertes Gem\u00fcse bieten wir Ihnen f\u00fcr Ihr B\u00fcfett gerne an.<\/p>\n","protected":false},"excerpt":{"rendered":"<p>Backbelegsfr\u00fcchte K\u00fcchenfertiges Gem\u00fcse K\u00fcchenfertiges Obst \/ Obstsalate K\u00fcchenfertige Kr\u00e4uter K\u00fcchenfertige Mischsalate Salatschalen Gew\u00fcrzte Salate Portionsabpackungen Ist Ihr Wunschsalat nicht dabei? Haben Sie die passende Schnittart nicht gefunden? Kein Problem. Wir gehen gerne auf Ihre W\u00fcnsche ein und mischen den Salat nach Ihren Vorgaben oder schneiden das Obst und Gem\u00fcse nach Ihren Vorstellungen und Erfordernissen. Da diese Sonderschnitte teilweise nur durch Handarbeit zu realisieren sind, bitten wir Sie, rechtzeitig mit unserem Verkaufspersonal zu sprechen. Auch geschnitztes und verziertes Gem\u00fcse bieten wir&#8230;<\/p>\n<p class=\"read-more\"><a class=\"btn btn-default\" href=\"http:\/\/www.sbh-dresden.de\/CMS\/WP\/convenience\/\">Weiterlesen<span class=\"screen-reader-text\"> Weiterlesen<\/span><\/a><\/p>\n","protected":false},"author":1,"featured_media":0,"parent":0,"menu_order":0,"comment_status":"closed","ping_status":"closed","template":"","meta":{"footnotes":""},"class_list":["post-115","page","type-page","status-publish","hentry"],"_links":{"self":[{"href":"http:\/\/www.sbh-dresden.de\/CMS\/WP\/wp-json\/wp\/v2\/pages\/115","targetHints":{"allow":["GET"]}}],"collection":[{"href":"http:\/\/www.sbh-dresden.de\/CMS\/WP\/wp-json\/wp\/v2\/pages"}],"about":[{"href":"http:\/\/www.sbh-dresden.de\/CMS\/WP\/wp-json\/wp\/v2\/types\/page"}],"author":[{"embeddable":true,"href":"http:\/\/www.sbh-dresden.de\/CMS\/WP\/wp-json\/wp\/v2\/users\/1"}],"replies":[{"embeddable":true,"href":"http:\/\/www.sbh-dresden.de\/CMS\/WP\/wp-json\/wp\/v2\/comments?post=115"}],"version-history":[{"count":2,"href":"http:\/\/www.sbh-dresden.de\/CMS\/WP\/wp-json\/wp\/v2\/pages\/115\/revisions"}],"predecessor-version":[{"id":199,"href":"http:\/\/www.sbh-dresden.de\/CMS\/WP\/wp-json\/wp\/v2\/pages\/115\/revisions\/199"}],"wp:attachment":[{"href":"http:\/\/www.sbh-dresden.de\/CMS\/WP\/wp-json\/wp\/v2\/media?parent=115"}],"curies":[{"name":"wp","href":"https:\/\/api.w.org\/{rel}","templated":true}]}}