{"id":12,"date":"2012-09-04T13:51:44","date_gmt":"2012-09-04T11:51:44","guid":{"rendered":"http:\/\/www.sbh-dresden.de\/CMS\/WP\/?page_id=12"},"modified":"2023-03-31T11:28:33","modified_gmt":"2023-03-31T11:28:33","slug":"impressum","status":"publish","type":"page","link":"http:\/\/www.sbh-dresden.de\/CMS\/WP\/impressum\/","title":{"rendered":"Impressum"},"content":{"rendered":"\n<p><\/p>\n\n\n<h1><strong>Impressum<\/strong><\/h1>\n<p>\u00a0<\/p>\n<h2><strong>Fruchthof Thomas GbR<\/strong><\/h2>\n<p align=\"left\">Am Viertelacker 28, 01259 Dresden<br \/>Tel. 0351 270310, Fax 0351 2703138<br \/>Gesellschafter:<br \/>Jens Thomas<br \/>Dirk Thomas<\/p>\n<p>Gerichtsstand: Amtsgericht Dresden<br \/>Ust.-IdNr. DE 176086695<\/p>\n<hr \/>\n<h2><strong>SBH Frucht- und Getr\u00e4nkegro\u00dfhandel GmbH<\/strong><\/h2>\n<p>Am Viertelacker 28, 01259 Dresden<br \/>Tel. 0351 270310, Fax 0351 2703138<br \/>Email: info@sbh-dresden.de<br \/>Gesch\u00e4ftsf\u00fchrer:<br \/>Jens Thomas<br \/>Dirk Thomas<\/p>\n<p>Gerichtsstand: Amtsgericht Dresden<br \/>HRB 2989<br \/>Ust.-IdNr. DE 140300520<\/p>\n<hr \/>\n<h2><strong>Lockwitzer Frischfrucht GmbH<\/strong><\/h2>\n<p>Am Viertelacker 28, 01259 Dresden<br \/>Tel. 0351 270310, Fax 0351 2703138<br \/>Email: info@lockwitzer.de<br \/>Gesch\u00e4ftsf\u00fchrer:<br \/>Jens Thomas<br \/>Dirk Thomas<\/p>\n<p>Gerichtsstand: Amtsgericht Dresden<br \/>HRB 11168<br \/>Ust.-IdNr. DE 165813749<\/p>\n<hr \/>\n<p><span class=\"bodyText\"><strong>Allgemeine Gesch\u00e4ftsbedingungen<\/strong><\/span><br \/>1. Die Ware und \/ oder deren Erl\u00f6s bleiben bis zur v\u00f6lligen Bezahlung unser ausschlie\u00dfliches<br \/>Eigentum mit dem Recht der \u00a7\u00a7 43 und 46 K.O.<br \/>Die Ware darf vor vollst\u00e4ndiger Bezahlung nur im ordnungsgem\u00e4\u00dfen Gesch\u00e4ftsverkehr<br \/>weiterver\u00e4u\u00dfert werden. Die daraus entstehenden Forderungen an die Abnehmer tritt<br \/>der K\u00e4ufer an den Verk\u00e4ufer ab. Der K\u00e4ufer ist erm\u00e4chtigt, die abgetretenen Forderungen<br \/>so lange einzuziehen, als er seiner Zahlungspflicht gegen\u00fcber dem Verk\u00e4ufer<br \/>vertragsgem\u00e4\u00df nachkommt.<\/p>\n<p>2. Die Ware reist auf Risiko und Gefahr des Empf\u00e4ngers. Reklamationen k\u00f6nnen nur<br \/>unmittelbar bei Empfang der Ware, sp\u00e4testens innerhalb von 6 Stunden nach<br \/>Bereitstellung der Ware telefonisch oder per Fax erfolgen. Sp\u00e4tere Beanstandungen<br \/>werden nicht anerkannt.<\/p>\n<p>3. Erf\u00fcllungsort und Gerichtsstand f\u00fcr beide Teile ist Dresden.<\/p>\n<p>4. Die Gesch\u00e4ftsbedingungen gelten f\u00fcr diesen Abschluss und f\u00fcr alle k\u00fcnftigen Gesch\u00e4fte.<\/p>\n<p>5. Sofern in diesem Vertrag nichts schriftlich anders vereinbart ist, gelten die Richtlinien<br \/>laut den \u201eGesch\u00e4ftsbedingungen f\u00fcr frische, essbare Gartenbauerzeugnisse\u201c<br \/>(EWG)-Schiedsgericht Stra\u00dfburg.<\/p>\n<p align=\"left\"><strong>Haftungsausschluss<br \/><\/strong>Bei der Erstellung dieser Webseite werden alle Anstrengungen unternommen, um die darin enthaltenen Informationen m\u00f6glichst aktuell, sachlich korrekt und eindeutig zu halten. Trotz aller Sorgfalt kann es jedoch zu unbeabsichtigten Fehlangaben kommen. Die SBH Frucht- und Getr\u00e4nkegro\u00dfhandel GmbH schlie\u00dft daher insbesondere jegliche Haftung f\u00fcr\u00a0Tipp- und Druckfehler und die Exaktheit, Vollst\u00e4ndigkeit und Aktualit\u00e4t der auf der Webseite des Unternehmens enthaltenen Informationen aus. Die auf der SBH Frucht- und Getr\u00e4nkegro\u00dfhandel GmbH-Webseite bereitgehaltenen Informationen und Daten k\u00f6nnen jederzeit\u00a0ohne Vorank\u00fcndigung ge\u00e4ndert werden. Sie\u00a0werden von der SBH Frucht- und Getr\u00e4nkegro\u00dfhandel GmbH unverbindlich und unter\u00a0Ausschluss\u00a0jeglicher Garantien oder Zusicherungen angeboten.<\/p>\n<p>Soweit die SBH Frucht- und Getr\u00e4nkegro\u00dfhandel GmbH-Webseite Links oder Pointers auf Webseiten Dritter enth\u00e4lt, \u00fcbernimmt die SBH Frucht- und Getr\u00e4nkegro\u00dfhandel GmbH\u00a0f\u00fcr die\u00a0dort erh\u00e4ltlichen Informationen, Mitteilungen, Materialien oder Links auf\u00a0weitere Webseiten keinerlei Verantwortung. Wir erkl\u00e4ren ausdr\u00fccklich, dass wir uns Inhalte gelinkter Seiten nicht in jedem Fall zu eigen machen.<\/p>\n<p>Indem Sie die SBH Frucht- und Getr\u00e4nkegro\u00dfhandel GmbH-Webseite benutzen, tragen\u00a0Sie die gesamte Gefahr, die mit der Benutzung zusammenh\u00e4ngt, einschlie\u00dflich s\u00e4mtlicher Risiken einer Sch\u00e4digung Ihrer Computer, Software oder Daten durch Viren oder andere Software, die \u00fcber\u00a0die\u00a0SBH Frucht- und Getr\u00e4nkegro\u00dfhandel GmbH-Webseite oder Ihren Zugriff darauf \u00fcbertragen oder aktiviert wird. In keinem Fall haftet die SBH Frucht- und Getr\u00e4nkegro\u00dfhandel GmbH f\u00fcr irgendeinen direkten,\u00a0indirekten, besonderen, Begleit- oder Folgeschaden oder entgangenen\u00a0Gewinn, der sich aus dem Gebrauch oder Fehlgebrauch von Informationen oder aus unvollst\u00e4ndigen Informationen auf der Webseite der SBH Frucht- und Getr\u00e4nkegro\u00dfhandel GmbH ergibt.<\/p>\n<p><strong>Bildnachweis: <\/strong><br \/>Foto: Mandarinen Seite: Obst \/ Start Quelle: <a href=\"http:\/\/www.aboutpixel.de\">aboutpixel.de<\/a> \/ mandarinen \u00a9 Jenzig71<br \/>Foto: Orangen Seite: Start Quelle: <a href=\"http:\/\/www.aboutpixel.de\">aboutpixel.de<\/a> \/ frisch gepresst \u00a9 Marie-Christine Wolf<br \/>Foto: Melonen Seite: Obst Quelle:<a href=\"http:\/\/www.aboutpixel.de\">aboutpixel.de<\/a> \/ melone \u00a9 ephraims_tochter<br \/>Foto: Weintrauben Seite: Obst Quelle: <a href=\"http:\/\/www.aboutpixel.de\">aboutpixel.de<\/a> \/ Weintrauben \u00a9 Kim Czuma<br \/>Foto: Johannisbeeren Seite: Obst Quelle: <a href=\"http:\/\/www.aboutpixel.de\">aboutpixel.de<\/a> \/ Vollreif \u00a9 Rainer Sturm<br \/>Foto: Kirschen Seite: Obst Quelle: <a href=\"http:\/\/www.aboutpixel.de\">aboutpixel.de<\/a> \/ der Sommer ist da! \u00a9 Bruno<br \/>Foto: Tomaten Seite: Gem\u00fcse Quelle: <a href=\"http:\/\/www.aboutpixel.de\">aboutpixel.de<\/a> \/ Tomaten \u00a9 Bruno<br \/>Foto: Paprika Seite: Gem\u00fcse Quelle: <a href=\"http:\/\/www.aboutpixel.de\">aboutpixel.de<\/a> \/ 3er Pack \u00a9 Barucha Sven<br \/>Foto: Salat Seite: Gem\u00fcse Quelle: <a href=\"http:\/\/www.aboutpixel.de\">aboutpixel.de<\/a> \/ Salattrio \u00a9 Rainer Sturm<br \/>Foto: Kr\u00e4uter Seite: Gem\u00fcse Quelle: <a href=\"http:\/\/www.aboutpixel.de\">aboutpixel.de<\/a> \/ Kr\u00e4uter \u00a9 Petra Engeljehringer<br \/>Foto: Pepperoni Seite: Gem\u00fcse Quelle: <a href=\"http:\/\/www.aboutpixel.de\">aboutpixel.de<\/a> \/ Pepperoni \u00a9 Kim Czuma<br \/>Foto: Spargel Seite: Gem\u00fcse Quelle: <a href=\"http:\/\/www.aboutpixel.de\">aboutpixel.de<\/a> \/ Spargel \u00a9 Svair<br \/>Foto: Ananas Seite: Exoten Quelle: <a href=\"http:\/\/www.aboutpixel.de\">aboutpixel.de<\/a> \/ Ananas \u00a9 HapHap<br \/>Foto: Obst Seite: Exoten Quelle: <a href=\"http:\/\/www.aboutpixel.de\">aboutpixel.de<\/a> \/ Obst \u00a9 Heiko Sonntag<br \/>Foto: Feigen Seite: Exoten Quelle: <a href=\"http:\/\/www.aboutpixel.de\">aboutpixel.de<\/a> \/ s\u00fcdlich,s\u00fc\u00df,k\u00fchl \u00a9 Petra Engeljehringer<br \/>Foto: Kokosnuss Seite: Exoten Quelle: <a href=\"http:\/\/www.aboutpixel.de\">aboutpixel.de<\/a> \/ Kokosnuss 2 \u00a9 goenz<br \/>Foto: Litschi Seite: Exoten Quelle: <a href=\"http:\/\/www.aboutpixel.de\">aboutpixel.de<\/a> \/ Die 3 Gleichen \u00a9 Kellermeister<br \/>Foto: Papaya Seite: Exoten Quelle: <a href=\"http:\/\/www.aboutpixel.de\">aboutpixel.de<\/a> \/ Papaya \u00a9 kede<br \/>Foto: Physalis Seite: Exoten Quelle: <a href=\"http:\/\/www.aboutpixel.de\">aboutpixel.de<\/a> \/ Physalis \u00a9 Kellermeister<br \/>Foto: Header\/Kontakt Seite: Kontakt Quelle: <a href=\"http:\/\/www.aboutpixel.de\">aboutpixel.de<\/a> \/ Webformularhintergrund \u00a9 Svair<br \/>Foto: N\u00fcsse Seite: Sonstiges Quelle: <a href=\"http:\/\/www.aboutpixel.de\">aboutpixel.de<\/a> \/ N\u00fcsse \u00a9 chhmz<br \/>Foto: Eier Seite: Sonstiges Quelle: <a href=\"http:\/\/www.aboutpixel.de\">aboutpixel.de<\/a> \/ Farbeier \u00a9 Uwe Dre\u00dfler<br \/>Foto: Head Seite: Geschichte Quelle: <a href=\"http:\/\/www.aboutpixel.de\">aboutpixel.de<\/a> \/ Fotogeschichten \u00a9 Heinz Hasselberg.jpg<\/p>\n<p align=\"left\"><strong>Copyright<\/strong><br \/>S\u00e4mtliche auf dieser Internetseite zur Verf\u00fcgung gestellten Inhalte unterliegen dem Urheberrecht. Das Urheberrecht liegt, bis auf die Ausnahmen unter Bildnachweis, bei der SBH Frucht- und Getr\u00e4nkegro\u00dfhandel GmbH. Alle Rechte vorbehalten. Jegliche Form von Reproduktion hier bereitgestellter Inhalte ohne schriftliche Genehmigung der SBH Frucht- und Getr\u00e4nkegro\u00dfhandel GmbH ist ausdr\u00fccklich untersagt. Alle hier genannten Warenzeichen, Firmennamen, Dienstleistungsmarken und Logos sind Eigentum ihrer jeweiligen Besitzer.<\/p>","protected":false},"excerpt":{"rendered":"<p>Impressum \u00a0 Fruchthof Thomas GbR Am Viertelacker 28, 01259 DresdenTel. 0351 270310, Fax 0351 2703138Gesellschafter:Jens ThomasDirk Thomas Gerichtsstand: Amtsgericht DresdenUst.-IdNr. DE 176086695 SBH Frucht- und Getr\u00e4nkegro\u00dfhandel GmbH Am Viertelacker 28, 01259 DresdenTel. 0351 270310, Fax 0351 2703138Email: info@sbh-dresden.deGesch\u00e4ftsf\u00fchrer:Jens ThomasDirk Thomas Gerichtsstand: Amtsgericht DresdenHRB 2989Ust.-IdNr. DE 140300520 Lockwitzer Frischfrucht GmbH Am Viertelacker 28, 01259 DresdenTel. 0351 270310, Fax 0351 2703138Email: info@lockwitzer.deGesch\u00e4ftsf\u00fchrer:Jens ThomasDirk Thomas Gerichtsstand: Amtsgericht DresdenHRB 11168Ust.-IdNr. DE 165813749 Allgemeine Gesch\u00e4ftsbedingungen1. Die Ware und \/ oder deren Erl\u00f6s bleiben bis zur&#8230;<\/p>\n<p class=\"read-more\"><a class=\"btn btn-default\" href=\"http:\/\/www.sbh-dresden.de\/CMS\/WP\/impressum\/\">Weiterlesen<span class=\"screen-reader-text\"> Weiterlesen<\/span><\/a><\/p>\n","protected":false},"author":1,"featured_media":0,"parent":0,"menu_order":0,"comment_status":"closed","ping_status":"closed","template":"","meta":{"footnotes":""},"class_list":["post-12","page","type-page","status-publish","hentry"],"_links":{"self":[{"href":"http:\/\/www.sbh-dresden.de\/CMS\/WP\/wp-json\/wp\/v2\/pages\/12","targetHints":{"allow":["GET"]}}],"collection":[{"href":"http:\/\/www.sbh-dresden.de\/CMS\/WP\/wp-json\/wp\/v2\/pages"}],"about":[{"href":"http:\/\/www.sbh-dresden.de\/CMS\/WP\/wp-json\/wp\/v2\/types\/page"}],"author":[{"embeddable":true,"href":"http:\/\/www.sbh-dresden.de\/CMS\/WP\/wp-json\/wp\/v2\/users\/1"}],"replies":[{"embeddable":true,"href":"http:\/\/www.sbh-dresden.de\/CMS\/WP\/wp-json\/wp\/v2\/comments?post=12"}],"version-history":[{"count":16,"href":"http:\/\/www.sbh-dresden.de\/CMS\/WP\/wp-json\/wp\/v2\/pages\/12\/revisions"}],"predecessor-version":[{"id":1052,"href":"http:\/\/www.sbh-dresden.de\/CMS\/WP\/wp-json\/wp\/v2\/pages\/12\/revisions\/1052"}],"wp:attachment":[{"href":"http:\/\/www.sbh-dresden.de\/CMS\/WP\/wp-json\/wp\/v2\/media?parent=12"}],"curies":[{"name":"wp","href":"https:\/\/api.w.org\/{rel}","templated":true}]}}