{"id":121,"date":"2013-09-05T05:51:12","date_gmt":"2013-09-05T05:51:12","guid":{"rendered":"http:\/\/www.sbh-dresden.de\/CMS\/WP\/?page_id=121"},"modified":"2016-05-30T10:29:35","modified_gmt":"2016-05-30T10:29:35","slug":"gastronomiezubehoer","status":"publish","type":"page","link":"http:\/\/www.sbh-dresden.de\/CMS\/WP\/gastronomiezubehoer\/","title":{"rendered":"Gastronomiezubeh\u00f6r"},"content":{"rendered":"<p>&nbsp;<\/p>\n<p>&nbsp;<\/p>\n<div id='gallery-1' class='gallery galleryid-121 gallery-columns-3 gallery-size-thumbnail'><figure class='gallery-item'>\n\t\t\t<div class='gallery-icon landscape'>\n\t\t\t\t<a href='http:\/\/www.sbh-dresden.de\/CMS\/WP\/gastronomiezubehoer\/gastro\/'><img loading=\"lazy\" decoding=\"async\" width=\"150\" height=\"150\" src=\"http:\/\/www.sbh-dresden.de\/CMS\/WP\/wp-content\/uploads\/2013\/09\/gastro-150x150.gif\" class=\"attachment-thumbnail size-thumbnail\" alt=\"\" srcset=\"http:\/\/www.sbh-dresden.de\/CMS\/WP\/wp-content\/uploads\/2013\/09\/gastro-150x150.gif 150w, http:\/\/www.sbh-dresden.de\/CMS\/WP\/wp-content\/uploads\/2013\/09\/gastro-250x250.gif 250w, http:\/\/www.sbh-dresden.de\/CMS\/WP\/wp-content\/uploads\/2013\/09\/gastro-144x144.gif 144w, http:\/\/www.sbh-dresden.de\/CMS\/WP\/wp-content\/uploads\/2013\/09\/gastro-96x96.gif 96w, http:\/\/www.sbh-dresden.de\/CMS\/WP\/wp-content\/uploads\/2013\/09\/gastro-24x24.gif 24w, http:\/\/www.sbh-dresden.de\/CMS\/WP\/wp-content\/uploads\/2013\/09\/gastro-36x36.gif 36w, http:\/\/www.sbh-dresden.de\/CMS\/WP\/wp-content\/uploads\/2013\/09\/gastro-48x48.gif 48w, http:\/\/www.sbh-dresden.de\/CMS\/WP\/wp-content\/uploads\/2013\/09\/gastro-64x64.gif 64w, http:\/\/www.sbh-dresden.de\/CMS\/WP\/wp-content\/uploads\/2013\/09\/gastro-480x480.gif 480w, http:\/\/www.sbh-dresden.de\/CMS\/WP\/wp-content\/uploads\/2013\/09\/gastro-100x100.gif 100w\" sizes=\"auto, (max-width: 150px) 100vw, 150px\" \/><\/a>\n\t\t\t<\/div><\/figure><figure class='gallery-item'>\n\t\t\t<div class='gallery-icon landscape'>\n\t\t\t\t<a href='http:\/\/www.sbh-dresden.de\/CMS\/WP\/gastronomiezubehoer\/bierwagen-3\/'><img loading=\"lazy\" decoding=\"async\" width=\"150\" height=\"150\" src=\"http:\/\/www.sbh-dresden.de\/CMS\/WP\/wp-content\/uploads\/2013\/09\/bierwagen-150x150.gif\" class=\"attachment-thumbnail size-thumbnail\" alt=\"\" srcset=\"http:\/\/www.sbh-dresden.de\/CMS\/WP\/wp-content\/uploads\/2013\/09\/bierwagen-150x150.gif 150w, http:\/\/www.sbh-dresden.de\/CMS\/WP\/wp-content\/uploads\/2013\/09\/bierwagen-144x144.gif 144w, http:\/\/www.sbh-dresden.de\/CMS\/WP\/wp-content\/uploads\/2013\/09\/bierwagen-96x96.gif 96w, http:\/\/www.sbh-dresden.de\/CMS\/WP\/wp-content\/uploads\/2013\/09\/bierwagen-24x24.gif 24w, http:\/\/www.sbh-dresden.de\/CMS\/WP\/wp-content\/uploads\/2013\/09\/bierwagen-36x36.gif 36w, http:\/\/www.sbh-dresden.de\/CMS\/WP\/wp-content\/uploads\/2013\/09\/bierwagen-48x48.gif 48w, http:\/\/www.sbh-dresden.de\/CMS\/WP\/wp-content\/uploads\/2013\/09\/bierwagen-64x64.gif 64w\" sizes=\"auto, (max-width: 150px) 100vw, 150px\" \/><\/a>\n\t\t\t<\/div><\/figure><figure class='gallery-item'>\n\t\t\t<div class='gallery-icon portrait'>\n\t\t\t\t<a href='http:\/\/www.sbh-dresden.de\/CMS\/WP\/gastronomiezubehoer\/anhaenger\/'><img loading=\"lazy\" decoding=\"async\" width=\"150\" height=\"150\" src=\"http:\/\/www.sbh-dresden.de\/CMS\/WP\/wp-content\/uploads\/2013\/09\/anhaenger-150x150.gif\" class=\"attachment-thumbnail size-thumbnail\" alt=\"\" srcset=\"http:\/\/www.sbh-dresden.de\/CMS\/WP\/wp-content\/uploads\/2013\/09\/anhaenger-150x150.gif 150w, http:\/\/www.sbh-dresden.de\/CMS\/WP\/wp-content\/uploads\/2013\/09\/anhaenger-144x144.gif 144w, http:\/\/www.sbh-dresden.de\/CMS\/WP\/wp-content\/uploads\/2013\/09\/anhaenger-96x96.gif 96w, http:\/\/www.sbh-dresden.de\/CMS\/WP\/wp-content\/uploads\/2013\/09\/anhaenger-24x24.gif 24w, http:\/\/www.sbh-dresden.de\/CMS\/WP\/wp-content\/uploads\/2013\/09\/anhaenger-36x36.gif 36w, http:\/\/www.sbh-dresden.de\/CMS\/WP\/wp-content\/uploads\/2013\/09\/anhaenger-48x48.gif 48w, http:\/\/www.sbh-dresden.de\/CMS\/WP\/wp-content\/uploads\/2013\/09\/anhaenger-64x64.gif 64w\" sizes=\"auto, (max-width: 150px) 100vw, 150px\" \/><\/a>\n\t\t\t<\/div><\/figure>\n\t\t<\/div>\n\n<p>&nbsp;<\/p>\n<p>&nbsp;<\/p>\n<p>&nbsp;<\/p>\n<div>\n<p class=\"bodyText\" style=\"text-align: center;\" align=\"center\">Au\u00dfer den Speisen und Getr\u00e4nken k\u00f6nnen Sie auch alles Weitere bei uns erhalten, was zu einer erfolgreichen Veranstaltung notwendig ist:<\/p>\n<h2 class=\"pageName Stil1\" style=\"text-align: center;\" align=\"center\"><strong>Eigener Bierausschankwagen<\/strong><\/h2>\n<p class=\"Aufz\u00e4hlung\" style=\"text-align: center;\" align=\"center\">4 ausklappbare Seitenteile &#8211; 4 Zapfh\u00e4hne<\/p>\n<h2 class=\"pageName Stil1\" style=\"text-align: center;\" align=\"center\"><strong>Verschiedene Bierwagen<\/strong><\/h2>\n<h2 class=\"pageName Stil1\" style=\"text-align: center;\" align=\"center\"><strong>K\u00fchlanh\u00e4nger<\/strong><\/h2>\n<p class=\"Aufz\u00e4hlung\" style=\"text-align: center;\" align=\"center\">Durchschnittliche Lagertemperatur<br \/>\nbei +6\u00b0C<\/p>\n<h2 class=\"pageName Stil1\" style=\"text-align: center;\" align=\"center\"><strong>Durchlaufk\u00fchler\/Schanktheke<\/strong><\/h2>\n<p class=\"Aufz\u00e4hlung\" style=\"text-align: center;\" align=\"center\">mit 1 oder 2 Leitungen<\/p>\n<h2 class=\"pageName Stil1\" style=\"text-align: center;\" align=\"center\"><strong>Fassbier<\/strong><\/h2>\n<h2 class=\"pageName Stil1\" style=\"text-align: center;\" align=\"center\"><strong>Fassbrause<\/strong><\/h2>\n<h2 class=\"pageName Stil1\" style=\"text-align: center;\" align=\"center\"><strong>Gl\u00e4ser<\/strong><\/h2>\n<h2 class=\"pageName Stil1\" style=\"text-align: center;\" align=\"center\"><strong>Bankgarnituren<\/strong><\/h2>\n<h2 class=\"pageName Stil1\" style=\"text-align: center;\" align=\"center\"><strong>Festzelte<\/strong><\/h2>\n<p class=\"Aufz\u00e4hlung\" style=\"text-align: center;\" align=\"center\">10m x 3m &#8211; Kunststoff weiss<\/p>\n<\/div>\n","protected":false},"excerpt":{"rendered":"<p>&nbsp; &nbsp; &nbsp; &nbsp; &nbsp; Au\u00dfer den Speisen und Getr\u00e4nken k\u00f6nnen Sie auch alles Weitere bei uns erhalten, was zu einer erfolgreichen Veranstaltung notwendig ist: Eigener Bierausschankwagen 4 ausklappbare Seitenteile &#8211; 4 Zapfh\u00e4hne Verschiedene Bierwagen K\u00fchlanh\u00e4nger Durchschnittliche Lagertemperatur bei +6\u00b0C Durchlaufk\u00fchler\/Schanktheke mit 1 oder 2 Leitungen Fassbier Fassbrause Gl\u00e4ser Bankgarnituren Festzelte 10m x 3m &#8211; Kunststoff weiss<\/p>\n","protected":false},"author":1,"featured_media":0,"parent":0,"menu_order":0,"comment_status":"closed","ping_status":"closed","template":"","meta":{"footnotes":""},"class_list":["post-121","page","type-page","status-publish","hentry"],"_links":{"self":[{"href":"http:\/\/www.sbh-dresden.de\/CMS\/WP\/wp-json\/wp\/v2\/pages\/121","targetHints":{"allow":["GET"]}}],"collection":[{"href":"http:\/\/www.sbh-dresden.de\/CMS\/WP\/wp-json\/wp\/v2\/pages"}],"about":[{"href":"http:\/\/www.sbh-dresden.de\/CMS\/WP\/wp-json\/wp\/v2\/types\/page"}],"author":[{"embeddable":true,"href":"http:\/\/www.sbh-dresden.de\/CMS\/WP\/wp-json\/wp\/v2\/users\/1"}],"replies":[{"embeddable":true,"href":"http:\/\/www.sbh-dresden.de\/CMS\/WP\/wp-json\/wp\/v2\/comments?post=121"}],"version-history":[{"count":4,"href":"http:\/\/www.sbh-dresden.de\/CMS\/WP\/wp-json\/wp\/v2\/pages\/121\/revisions"}],"predecessor-version":[{"id":511,"href":"http:\/\/www.sbh-dresden.de\/CMS\/WP\/wp-json\/wp\/v2\/pages\/121\/revisions\/511"}],"wp:attachment":[{"href":"http:\/\/www.sbh-dresden.de\/CMS\/WP\/wp-json\/wp\/v2\/media?parent=121"}],"curies":[{"name":"wp","href":"https:\/\/api.w.org\/{rel}","templated":true}]}}