{"id":141,"date":"2013-09-27T05:37:59","date_gmt":"2013-09-27T05:37:59","guid":{"rendered":"http:\/\/www.sbh-dresden.de\/CMS\/WP\/?page_id=141"},"modified":"2021-03-18T06:14:44","modified_gmt":"2021-03-18T06:14:44","slug":"ausbildung","status":"publish","type":"page","link":"http:\/\/www.sbh-dresden.de\/CMS\/WP\/ausbildung\/","title":{"rendered":"Ausbildung"},"content":{"rendered":"<h2 align=\"left\"><strong>Ausbildungsberufe<\/strong><\/h2>\n<h3 align=\"left\"><em><strong>Kaufmann\/ -frau f\u00fcr Gro\u00df- und Au\u00dfenhandelsmanagement (Gro\u00dfhandel)<br \/>\n<\/strong><\/em><\/h3>\n<p align=\"left\"><strong>Was erwartet Sie in Ihrer Ausbildung?<\/strong><\/p>\n<p>Kaufleute im Gro\u00df- und Au\u00dfenhandel der Fachrichtung Gro\u00dfhandel kaufen Waren aller Art bei Herstellern bzw. Lieferanten und verkaufen sie an Handel, Handwerk und Industrie weiter. Sie sorgen f\u00fcr eine kosteng\u00fcnstige Lagerhaltung und einen reibungslosen Warenfluss, d.h., sie \u00fcberwachen die Logistikkette, pr\u00fcfen den Wareneingang sowie die Lagerbest\u00e4nde, bestellen Ware nach und planen die Warenauslieferung.<\/p>\n<p>Kaufleute im Gro\u00df- und Au\u00dfenhandel der Fachrichtung Gro\u00dfhandel arbeiten in Gro\u00dfhandelsunternehmen nahezu aller Wirtschaftszweige, z.B. in der Elektro-, Fahrzeug- oder Textilindustrie.<\/p>\n<p>Kaufmann\/-frau im Gro\u00df- und Au\u00dfenhandel ist ein anerkannter Ausbildungsberuf nach dem Berufsbildungsgesetz (BBiG).<\/p>\n<p><strong>Bewerbungen senden Sie bitte per Email an <a href=\"mailto:info@sbh-dresden.de\">info@sbh-dresden.de<\/a><\/strong><\/p>\n<h2><\/h2>\n<h3 align=\"left\"><em><strong>Fachlagerist\/-in<\/strong><\/em><\/h3>\n<p align=\"left\"><strong>Was erwartet Sie in Ihrer Ausbildung?<\/strong><\/p>\n<p>Fachlageristen und -lageristinnen nehmen Waren an und lagern diese sachgerecht. Sie stellen Lieferungen f\u00fcr den Versand zusammen bzw. leiten G\u00fcter an die entsprechenden Stellen im Betrieb weiter.<\/p>\n<p>Fachlagerist\/in ist ein anerkannter Ausbildungsberuf nach dem Berufsbildungsgesetz (BBiG).<br \/>\nDiese bundesweit geregelte 2-j\u00e4hrige Ausbildung wird in Industrie und Handel sowie im Handwerk angeboten.<\/p>\n<p><strong>Bewerbungen senden Sie bitte per Email an <a href=\"mailto:info@sbh-dresden.de\">info@sbh-dresden.de<\/a><\/strong><\/p>\n","protected":false},"excerpt":{"rendered":"<p>Ausbildungsberufe Kaufmann\/ -frau f\u00fcr Gro\u00df- und Au\u00dfenhandelsmanagement (Gro\u00dfhandel) Was erwartet Sie in Ihrer Ausbildung? Kaufleute im Gro\u00df- und Au\u00dfenhandel der Fachrichtung Gro\u00dfhandel kaufen Waren aller Art bei Herstellern bzw. Lieferanten und verkaufen sie an Handel, Handwerk und Industrie weiter. Sie sorgen f\u00fcr eine kosteng\u00fcnstige Lagerhaltung und einen reibungslosen Warenfluss, d.h., sie \u00fcberwachen die Logistikkette, pr\u00fcfen den Wareneingang sowie die Lagerbest\u00e4nde, bestellen Ware nach und planen die Warenauslieferung. Kaufleute im Gro\u00df- und Au\u00dfenhandel der Fachrichtung Gro\u00dfhandel arbeiten in Gro\u00dfhandelsunternehmen nahezu aller&#8230;<\/p>\n<p class=\"read-more\"><a class=\"btn btn-default\" href=\"http:\/\/www.sbh-dresden.de\/CMS\/WP\/ausbildung\/\">Weiterlesen<span class=\"screen-reader-text\"> Weiterlesen<\/span><\/a><\/p>\n","protected":false},"author":1,"featured_media":0,"parent":0,"menu_order":0,"comment_status":"closed","ping_status":"closed","template":"","meta":{"footnotes":""},"class_list":["post-141","page","type-page","status-publish","hentry"],"_links":{"self":[{"href":"http:\/\/www.sbh-dresden.de\/CMS\/WP\/wp-json\/wp\/v2\/pages\/141","targetHints":{"allow":["GET"]}}],"collection":[{"href":"http:\/\/www.sbh-dresden.de\/CMS\/WP\/wp-json\/wp\/v2\/pages"}],"about":[{"href":"http:\/\/www.sbh-dresden.de\/CMS\/WP\/wp-json\/wp\/v2\/types\/page"}],"author":[{"embeddable":true,"href":"http:\/\/www.sbh-dresden.de\/CMS\/WP\/wp-json\/wp\/v2\/users\/1"}],"replies":[{"embeddable":true,"href":"http:\/\/www.sbh-dresden.de\/CMS\/WP\/wp-json\/wp\/v2\/comments?post=141"}],"version-history":[{"count":3,"href":"http:\/\/www.sbh-dresden.de\/CMS\/WP\/wp-json\/wp\/v2\/pages\/141\/revisions"}],"predecessor-version":[{"id":1050,"href":"http:\/\/www.sbh-dresden.de\/CMS\/WP\/wp-json\/wp\/v2\/pages\/141\/revisions\/1050"}],"wp:attachment":[{"href":"http:\/\/www.sbh-dresden.de\/CMS\/WP\/wp-json\/wp\/v2\/media?parent=141"}],"curies":[{"name":"wp","href":"https:\/\/api.w.org\/{rel}","templated":true}]}}