{"id":24,"date":"2012-09-04T14:02:33","date_gmt":"2012-09-04T12:02:33","guid":{"rendered":"http:\/\/www.sbh-dresden.de\/CMS\/WP\/?page_id=24"},"modified":"2022-07-20T06:01:43","modified_gmt":"2022-07-20T06:01:43","slug":"unternehmen","status":"publish","type":"page","link":"http:\/\/www.sbh-dresden.de\/CMS\/WP\/unternehmen\/","title":{"rendered":"Unternehmen"},"content":{"rendered":"<div>\n<p align=\"left\"><strong>Die SBH Frucht- und Getr\u00e4nkegro\u00dfhandel GmbH<\/strong><\/p>\n<p align=\"left\">vermarktet seit 1991 Obst, Gem\u00fcse, Getr\u00e4nke und Kartoffeln einheimischer G\u00e4rtner und Bauern, ist ebenfalls Direktimporteur f\u00fcr ein umfangreiches Obst- und Gem\u00fcsesortiment. Mit namhaften Frucht- und Getr\u00e4nkefirmen in Deutschland und Europa bestehen gute Handelbeziehungen. Im Conveniencebereich ist die Hausmarke der SBH Frucht- und Getr\u00e4nkegro\u00dfhandel GmbH &#8222;Lockwitzer&#8220;, unter der durch einen eigenen Produktionsbetrieb hergestellte Mischsalate, Salatschalen, k\u00fcchenfertiges Obst und Gem\u00fcse sowie Backbelegsfr\u00fcchte vertrieben werden.<\/p>\n<p align=\"left\">Die Leistungsf\u00e4higkeit der SBH Frucht- und Getr\u00e4nkegro\u00dfhandel GmbH stellen wir derzeit bei der Belieferung von B\u00c4KO\u00b4s in Sachsen, Caterern, Krankenh\u00e4usern, Schulen, Rehaklinken, gastronomischen Einrichtungen, Altenheimen sowie Gro\u00df- und Einzelh\u00e4ndlern unter Beweis.<\/p>\n<p align=\"left\">Gegenw\u00e4rtig arbeiten in der SBH Frucht- und Getr\u00e4nkegro\u00dfhandel GmbH \u00fcber 65 Besch\u00e4ftigte und 3 Auszubildende. Die SBH Frucht- und Getr\u00e4nkegro\u00dfhandel GmbH ist Mitglied der IHK Dresden und im Deutschen Fruchthandelsverband.<\/p>\n<div id='gallery-1' class='gallery galleryid-24 gallery-columns-3 gallery-size-thumbnail'><figure class='gallery-item'>\n\t\t\t<div class='gallery-icon landscape'>\n\t\t\t\t<a href='http:\/\/www.sbh-dresden.de\/CMS\/WP\/wp-content\/uploads\/2012\/09\/5.jpg'><img loading=\"lazy\" decoding=\"async\" width=\"150\" height=\"150\" src=\"http:\/\/www.sbh-dresden.de\/CMS\/WP\/wp-content\/uploads\/2012\/09\/5-150x150.jpg\" class=\"attachment-thumbnail size-thumbnail\" alt=\"\" srcset=\"http:\/\/www.sbh-dresden.de\/CMS\/WP\/wp-content\/uploads\/2012\/09\/5-150x150.jpg 150w, http:\/\/www.sbh-dresden.de\/CMS\/WP\/wp-content\/uploads\/2012\/09\/5-250x250.jpg 250w, http:\/\/www.sbh-dresden.de\/CMS\/WP\/wp-content\/uploads\/2012\/09\/5-100x100.jpg 100w, http:\/\/www.sbh-dresden.de\/CMS\/WP\/wp-content\/uploads\/2012\/09\/5-144x144.jpg 144w, http:\/\/www.sbh-dresden.de\/CMS\/WP\/wp-content\/uploads\/2012\/09\/5-96x96.jpg 96w, http:\/\/www.sbh-dresden.de\/CMS\/WP\/wp-content\/uploads\/2012\/09\/5-24x24.jpg 24w, http:\/\/www.sbh-dresden.de\/CMS\/WP\/wp-content\/uploads\/2012\/09\/5-36x36.jpg 36w, http:\/\/www.sbh-dresden.de\/CMS\/WP\/wp-content\/uploads\/2012\/09\/5-48x48.jpg 48w, http:\/\/www.sbh-dresden.de\/CMS\/WP\/wp-content\/uploads\/2012\/09\/5-64x64.jpg 64w\" sizes=\"auto, (max-width: 150px) 100vw, 150px\" \/><\/a>\n\t\t\t<\/div><\/figure><figure class='gallery-item'>\n\t\t\t<div class='gallery-icon landscape'>\n\t\t\t\t<a href='http:\/\/www.sbh-dresden.de\/CMS\/WP\/wp-content\/uploads\/2012\/09\/Bild-2.jpg'><img loading=\"lazy\" decoding=\"async\" width=\"150\" height=\"150\" src=\"http:\/\/www.sbh-dresden.de\/CMS\/WP\/wp-content\/uploads\/2012\/09\/Bild-2-150x150.jpg\" class=\"attachment-thumbnail size-thumbnail\" alt=\"\" srcset=\"http:\/\/www.sbh-dresden.de\/CMS\/WP\/wp-content\/uploads\/2012\/09\/Bild-2-150x150.jpg 150w, http:\/\/www.sbh-dresden.de\/CMS\/WP\/wp-content\/uploads\/2012\/09\/Bild-2-96x96.jpg 96w, http:\/\/www.sbh-dresden.de\/CMS\/WP\/wp-content\/uploads\/2012\/09\/Bild-2-24x24.jpg 24w, http:\/\/www.sbh-dresden.de\/CMS\/WP\/wp-content\/uploads\/2012\/09\/Bild-2-36x36.jpg 36w, http:\/\/www.sbh-dresden.de\/CMS\/WP\/wp-content\/uploads\/2012\/09\/Bild-2-48x48.jpg 48w, http:\/\/www.sbh-dresden.de\/CMS\/WP\/wp-content\/uploads\/2012\/09\/Bild-2-64x64.jpg 64w\" sizes=\"auto, (max-width: 150px) 100vw, 150px\" \/><\/a>\n\t\t\t<\/div><\/figure><figure class='gallery-item'>\n\t\t\t<div class='gallery-icon landscape'>\n\t\t\t\t<a href='http:\/\/www.sbh-dresden.de\/CMS\/WP\/wp-content\/uploads\/2012\/09\/P1010108.jpg'><img loading=\"lazy\" decoding=\"async\" width=\"150\" height=\"150\" src=\"http:\/\/www.sbh-dresden.de\/CMS\/WP\/wp-content\/uploads\/2012\/09\/P1010108-150x150.jpg\" class=\"attachment-thumbnail size-thumbnail\" alt=\"\" srcset=\"http:\/\/www.sbh-dresden.de\/CMS\/WP\/wp-content\/uploads\/2012\/09\/P1010108-150x150.jpg 150w, http:\/\/www.sbh-dresden.de\/CMS\/WP\/wp-content\/uploads\/2012\/09\/P1010108-250x250.jpg 250w, http:\/\/www.sbh-dresden.de\/CMS\/WP\/wp-content\/uploads\/2012\/09\/P1010108-100x100.jpg 100w, http:\/\/www.sbh-dresden.de\/CMS\/WP\/wp-content\/uploads\/2012\/09\/P1010108-144x144.jpg 144w, http:\/\/www.sbh-dresden.de\/CMS\/WP\/wp-content\/uploads\/2012\/09\/P1010108-96x96.jpg 96w, http:\/\/www.sbh-dresden.de\/CMS\/WP\/wp-content\/uploads\/2012\/09\/P1010108-24x24.jpg 24w, http:\/\/www.sbh-dresden.de\/CMS\/WP\/wp-content\/uploads\/2012\/09\/P1010108-36x36.jpg 36w, http:\/\/www.sbh-dresden.de\/CMS\/WP\/wp-content\/uploads\/2012\/09\/P1010108-48x48.jpg 48w, http:\/\/www.sbh-dresden.de\/CMS\/WP\/wp-content\/uploads\/2012\/09\/P1010108-64x64.jpg 64w\" sizes=\"auto, (max-width: 150px) 100vw, 150px\" \/><\/a>\n\t\t\t<\/div><\/figure>\n\t\t<\/div>\n\n<\/div>\n","protected":false},"excerpt":{"rendered":"<p>Die SBH Frucht- und Getr\u00e4nkegro\u00dfhandel GmbH vermarktet seit 1991 Obst, Gem\u00fcse, Getr\u00e4nke und Kartoffeln einheimischer G\u00e4rtner und Bauern, ist ebenfalls Direktimporteur f\u00fcr ein umfangreiches Obst- und Gem\u00fcsesortiment. Mit namhaften Frucht- und Getr\u00e4nkefirmen in Deutschland und Europa bestehen gute Handelbeziehungen. Im Conveniencebereich ist die Hausmarke der SBH Frucht- und Getr\u00e4nkegro\u00dfhandel GmbH &#8222;Lockwitzer&#8220;, unter der durch einen eigenen Produktionsbetrieb hergestellte Mischsalate, Salatschalen, k\u00fcchenfertiges Obst und Gem\u00fcse sowie Backbelegsfr\u00fcchte vertrieben werden. Die Leistungsf\u00e4higkeit der SBH Frucht- und Getr\u00e4nkegro\u00dfhandel GmbH stellen wir derzeit bei&#8230;<\/p>\n<p class=\"read-more\"><a class=\"btn btn-default\" href=\"http:\/\/www.sbh-dresden.de\/CMS\/WP\/unternehmen\/\">Weiterlesen<span class=\"screen-reader-text\"> Weiterlesen<\/span><\/a><\/p>\n","protected":false},"author":1,"featured_media":0,"parent":0,"menu_order":0,"comment_status":"closed","ping_status":"closed","template":"","meta":{"footnotes":""},"class_list":["post-24","page","type-page","status-publish","hentry"],"_links":{"self":[{"href":"http:\/\/www.sbh-dresden.de\/CMS\/WP\/wp-json\/wp\/v2\/pages\/24","targetHints":{"allow":["GET"]}}],"collection":[{"href":"http:\/\/www.sbh-dresden.de\/CMS\/WP\/wp-json\/wp\/v2\/pages"}],"about":[{"href":"http:\/\/www.sbh-dresden.de\/CMS\/WP\/wp-json\/wp\/v2\/types\/page"}],"author":[{"embeddable":true,"href":"http:\/\/www.sbh-dresden.de\/CMS\/WP\/wp-json\/wp\/v2\/users\/1"}],"replies":[{"embeddable":true,"href":"http:\/\/www.sbh-dresden.de\/CMS\/WP\/wp-json\/wp\/v2\/comments?post=24"}],"version-history":[{"count":8,"href":"http:\/\/www.sbh-dresden.de\/CMS\/WP\/wp-json\/wp\/v2\/pages\/24\/revisions"}],"predecessor-version":[{"id":1017,"href":"http:\/\/www.sbh-dresden.de\/CMS\/WP\/wp-json\/wp\/v2\/pages\/24\/revisions\/1017"}],"wp:attachment":[{"href":"http:\/\/www.sbh-dresden.de\/CMS\/WP\/wp-json\/wp\/v2\/media?parent=24"}],"curies":[{"name":"wp","href":"https:\/\/api.w.org\/{rel}","templated":true}]}}