{"id":250,"date":"2016-01-13T06:01:34","date_gmt":"2016-01-13T06:01:34","guid":{"rendered":"http:\/\/www.sbh-dresden.de\/CMS\/WP\/?page_id=250"},"modified":"2017-05-10T12:24:04","modified_gmt":"2017-05-10T12:24:04","slug":"geschichte","status":"publish","type":"page","link":"http:\/\/www.sbh-dresden.de\/CMS\/WP\/geschichte\/","title":{"rendered":"Geschichte"},"content":{"rendered":"<div>\n<div id='gallery-1' class='gallery galleryid-250 gallery-columns-5 gallery-size-thumbnail'><figure class='gallery-item'>\n\t\t\t<div class='gallery-icon landscape'>\n\t\t\t\t<a href='http:\/\/www.sbh-dresden.de\/CMS\/WP\/cool_timeline\/april-1991\/1992-2\/'><img loading=\"lazy\" decoding=\"async\" width=\"150\" height=\"150\" src=\"http:\/\/www.sbh-dresden.de\/CMS\/WP\/wp-content\/uploads\/2016\/01\/1992-2-150x150.jpg\" class=\"attachment-thumbnail size-thumbnail\" alt=\"\" srcset=\"http:\/\/www.sbh-dresden.de\/CMS\/WP\/wp-content\/uploads\/2016\/01\/1992-2-150x150.jpg 150w, http:\/\/www.sbh-dresden.de\/CMS\/WP\/wp-content\/uploads\/2016\/01\/1992-2-250x250.jpg 250w, http:\/\/www.sbh-dresden.de\/CMS\/WP\/wp-content\/uploads\/2016\/01\/1992-2-96x96.jpg 96w, http:\/\/www.sbh-dresden.de\/CMS\/WP\/wp-content\/uploads\/2016\/01\/1992-2-24x24.jpg 24w, http:\/\/www.sbh-dresden.de\/CMS\/WP\/wp-content\/uploads\/2016\/01\/1992-2-36x36.jpg 36w, http:\/\/www.sbh-dresden.de\/CMS\/WP\/wp-content\/uploads\/2016\/01\/1992-2-48x48.jpg 48w, http:\/\/www.sbh-dresden.de\/CMS\/WP\/wp-content\/uploads\/2016\/01\/1992-2-64x64.jpg 64w\" sizes=\"auto, (max-width: 150px) 100vw, 150px\" \/><\/a>\n\t\t\t<\/div><\/figure><figure class='gallery-item'>\n\t\t\t<div class='gallery-icon landscape'>\n\t\t\t\t<a href='http:\/\/www.sbh-dresden.de\/CMS\/WP\/cool_timeline\/april-1991\/attachment\/1992\/'><img loading=\"lazy\" decoding=\"async\" width=\"150\" height=\"150\" src=\"http:\/\/www.sbh-dresden.de\/CMS\/WP\/wp-content\/uploads\/2016\/01\/1992-150x150.jpg\" class=\"attachment-thumbnail size-thumbnail\" alt=\"\" srcset=\"http:\/\/www.sbh-dresden.de\/CMS\/WP\/wp-content\/uploads\/2016\/01\/1992-150x150.jpg 150w, http:\/\/www.sbh-dresden.de\/CMS\/WP\/wp-content\/uploads\/2016\/01\/1992-250x250.jpg 250w, http:\/\/www.sbh-dresden.de\/CMS\/WP\/wp-content\/uploads\/2016\/01\/1992-96x96.jpg 96w, http:\/\/www.sbh-dresden.de\/CMS\/WP\/wp-content\/uploads\/2016\/01\/1992-24x24.jpg 24w, http:\/\/www.sbh-dresden.de\/CMS\/WP\/wp-content\/uploads\/2016\/01\/1992-36x36.jpg 36w, http:\/\/www.sbh-dresden.de\/CMS\/WP\/wp-content\/uploads\/2016\/01\/1992-48x48.jpg 48w, http:\/\/www.sbh-dresden.de\/CMS\/WP\/wp-content\/uploads\/2016\/01\/1992-64x64.jpg 64w\" sizes=\"auto, (max-width: 150px) 100vw, 150px\" \/><\/a>\n\t\t\t<\/div><\/figure><figure class='gallery-item'>\n\t\t\t<div class='gallery-icon landscape'>\n\t\t\t\t<a href='http:\/\/www.sbh-dresden.de\/CMS\/WP\/cool_timeline\/april-1991\/1997-1\/'><img loading=\"lazy\" decoding=\"async\" width=\"150\" height=\"150\" src=\"http:\/\/www.sbh-dresden.de\/CMS\/WP\/wp-content\/uploads\/2016\/01\/1997-1-150x150.jpg\" class=\"attachment-thumbnail size-thumbnail\" alt=\"\" srcset=\"http:\/\/www.sbh-dresden.de\/CMS\/WP\/wp-content\/uploads\/2016\/01\/1997-1-150x150.jpg 150w, http:\/\/www.sbh-dresden.de\/CMS\/WP\/wp-content\/uploads\/2016\/01\/1997-1-250x250.jpg 250w, http:\/\/www.sbh-dresden.de\/CMS\/WP\/wp-content\/uploads\/2016\/01\/1997-1-96x96.jpg 96w, http:\/\/www.sbh-dresden.de\/CMS\/WP\/wp-content\/uploads\/2016\/01\/1997-1-24x24.jpg 24w, http:\/\/www.sbh-dresden.de\/CMS\/WP\/wp-content\/uploads\/2016\/01\/1997-1-36x36.jpg 36w, http:\/\/www.sbh-dresden.de\/CMS\/WP\/wp-content\/uploads\/2016\/01\/1997-1-48x48.jpg 48w, http:\/\/www.sbh-dresden.de\/CMS\/WP\/wp-content\/uploads\/2016\/01\/1997-1-64x64.jpg 64w\" sizes=\"auto, (max-width: 150px) 100vw, 150px\" \/><\/a>\n\t\t\t<\/div><\/figure><figure class='gallery-item'>\n\t\t\t<div class='gallery-icon landscape'>\n\t\t\t\t<a href='http:\/\/www.sbh-dresden.de\/CMS\/WP\/cool_timeline\/april-1991\/nickern1\/'><img loading=\"lazy\" decoding=\"async\" width=\"150\" height=\"150\" src=\"http:\/\/www.sbh-dresden.de\/CMS\/WP\/wp-content\/uploads\/2016\/01\/nickern1-150x150.jpg\" class=\"attachment-thumbnail size-thumbnail\" alt=\"\" srcset=\"http:\/\/www.sbh-dresden.de\/CMS\/WP\/wp-content\/uploads\/2016\/01\/nickern1-150x150.jpg 150w, http:\/\/www.sbh-dresden.de\/CMS\/WP\/wp-content\/uploads\/2016\/01\/nickern1-96x96.jpg 96w, http:\/\/www.sbh-dresden.de\/CMS\/WP\/wp-content\/uploads\/2016\/01\/nickern1-24x24.jpg 24w, http:\/\/www.sbh-dresden.de\/CMS\/WP\/wp-content\/uploads\/2016\/01\/nickern1-36x36.jpg 36w, http:\/\/www.sbh-dresden.de\/CMS\/WP\/wp-content\/uploads\/2016\/01\/nickern1-48x48.jpg 48w, http:\/\/www.sbh-dresden.de\/CMS\/WP\/wp-content\/uploads\/2016\/01\/nickern1-64x64.jpg 64w\" sizes=\"auto, (max-width: 150px) 100vw, 150px\" \/><\/a>\n\t\t\t<\/div><\/figure><figure class='gallery-item'>\n\t\t\t<div class='gallery-icon landscape'>\n\t\t\t\t<a href='http:\/\/www.sbh-dresden.de\/CMS\/WP\/cool_timeline\/april-1991\/luftbild-2005\/'><img loading=\"lazy\" decoding=\"async\" width=\"150\" height=\"150\" src=\"http:\/\/www.sbh-dresden.de\/CMS\/WP\/wp-content\/uploads\/2016\/01\/Luftbild-2005-150x150.jpg\" class=\"attachment-thumbnail size-thumbnail\" alt=\"\" srcset=\"http:\/\/www.sbh-dresden.de\/CMS\/WP\/wp-content\/uploads\/2016\/01\/Luftbild-2005-150x150.jpg 150w, http:\/\/www.sbh-dresden.de\/CMS\/WP\/wp-content\/uploads\/2016\/01\/Luftbild-2005-250x250.jpg 250w, http:\/\/www.sbh-dresden.de\/CMS\/WP\/wp-content\/uploads\/2016\/01\/Luftbild-2005-96x96.jpg 96w, http:\/\/www.sbh-dresden.de\/CMS\/WP\/wp-content\/uploads\/2016\/01\/Luftbild-2005-24x24.jpg 24w, http:\/\/www.sbh-dresden.de\/CMS\/WP\/wp-content\/uploads\/2016\/01\/Luftbild-2005-36x36.jpg 36w, http:\/\/www.sbh-dresden.de\/CMS\/WP\/wp-content\/uploads\/2016\/01\/Luftbild-2005-48x48.jpg 48w, http:\/\/www.sbh-dresden.de\/CMS\/WP\/wp-content\/uploads\/2016\/01\/Luftbild-2005-64x64.jpg 64w\" sizes=\"auto, (max-width: 150px) 100vw, 150px\" \/><\/a>\n\t\t\t<\/div><\/figure>\n\t\t<\/div>\n\n<\/div>\n<div><\/div>\n<div>\t\t\t<!-- Cool Timeline Free V3.3.0 -->\n\t\t\t<div class=\"ctl-wrapper\" role=\"region\" aria-label=\"Timeline\">\n\t\t\t\t<div class=\"ctl-before-content\"><div class=\"timeline-main-title\"><h3>SBH<\/h3><\/div><\/div>\t\t\t\t<div id=\"cool_timeline_1\" class=\"cool-timeline-wrapper ctl-both-sided ctl-vertical-wrapper\" >\n\t\t\t\t\t<div class=\"ctl-start\"><\/div>\n\t\t\t\t\t<!-- Timeline Container -->\n\t\t\t\t\t<div class=\"ctl-timeline ctl-timeline-container\" data-animation=\"none\">\n\t\t\t\t\t\t<!-- Center Line -->\n\t\t\t\t\t\t<div class=\"ctl-inner-line\" role=\"presentation\"><\/div>\n\t\t\t\t\t\t\t\t\t\t\t\t<!-- Timeline Content --><div  id=\"ctl-story-734\" class=\"ctl-story ctl-story-icon odd ctl-story-right\" data-aos=\"none\"   data-story-index=\"1\" role=\"article\"><!-- Story Date --><div class=\"ctl-labels\"><div class=\"ctl-label-big story-date\">Januar 1 2017 6:44 a.m.<\/div><\/div><!-- Story Icon --><div class=\"ctl-icon\"><i class=\"fa fa-clock-o\" aria-hidden=\"true\"><\/i><\/div> <!-- Story Arrow --><div class=\"ctl-arrow\"><\/div><!-- Story Content --><div class=\"ctl-content\"><!-- Story Title --><div class=\"ctl-title story-734\" aria-label=\"2\"><a target=\"_self\" title=\"2017 Gesch\u00e4fts\u00fcbergabe\" href=\"http:\/\/www.sbh-dresden.de\/CMS\/WP\/cool_timeline\/geschaeftsuebergabe\/\" class=\"story-link\">2017 Gesch\u00e4fts\u00fcbergabe<\/a><\/div><!-- Story Media --><div class=\"ctl-media full\"><a data-glightbox=\"2017 Gesch\u00e4fts\u00fcbergabe\" href=\"http:\/\/www.sbh-dresden.de\/CMS\/WP\/wp-content\/uploads\/2017\/02\/watch-1267418.jpg\" class=\"ctl_glightbox\"><img loading=\"lazy\" decoding=\"async\" width=\"640\" height=\"427\" src=\"http:\/\/www.sbh-dresden.de\/CMS\/WP\/wp-content\/uploads\/2017\/02\/watch-1267418-1024x683.jpg\" class=\"story-img wp-post-image\" alt=\"2017 Gesch\u00e4fts\u00fcbergabe\" srcset=\"http:\/\/www.sbh-dresden.de\/CMS\/WP\/wp-content\/uploads\/2017\/02\/watch-1267418-1024x683.jpg 1024w, http:\/\/www.sbh-dresden.de\/CMS\/WP\/wp-content\/uploads\/2017\/02\/watch-1267418-300x200.jpg 300w, http:\/\/www.sbh-dresden.de\/CMS\/WP\/wp-content\/uploads\/2017\/02\/watch-1267418-768x512.jpg 768w\" sizes=\"auto, (max-width: 640px) 100vw, 640px\" \/><\/a><\/div><!-- Story Description --><div class=\"ctl-description\"><p>Anfang 2017 \u00fcbernahmen die S\u00f6hne Jens Thomas und Dirk Thomas die Leitung des Unternehmens. &nbsp;<\/p>\n<\/div><\/div><\/div><!-- Timeline Content --><div  id=\"ctl-story-371\" class=\"ctl-story ctl-story-icon even ctl-story-left\" data-aos=\"none\"   data-story-index=\"2\" role=\"article\"><!-- Story Date --><div class=\"ctl-labels\"><div class=\"ctl-label-big story-date\">Mai 2 2011 12:25 p.m.<\/div><\/div><!-- Story Icon --><div class=\"ctl-icon\"><i class=\"fa fa-clock-o\" aria-hidden=\"true\"><\/i><\/div> <!-- Story Arrow --><div class=\"ctl-arrow\"><\/div><!-- Story Content --><div class=\"ctl-content\"><!-- Story Title --><div class=\"ctl-title story-371\" aria-label=\"2\"><a target=\"_self\" title=\"2011 Erweiterungsbau\" href=\"http:\/\/www.sbh-dresden.de\/CMS\/WP\/cool_timeline\/erweiterungsbau-2\/\" class=\"story-link\">2011 Erweiterungsbau<\/a><\/div><!-- Story Media --><div class=\"ctl-media full\"><a data-glightbox=\"2011 Erweiterungsbau\" href=\"http:\/\/www.sbh-dresden.de\/CMS\/WP\/wp-content\/uploads\/2016\/01\/luftbild-2011.jpg\" class=\"ctl_glightbox\"><img loading=\"lazy\" decoding=\"async\" width=\"640\" height=\"184\" src=\"http:\/\/www.sbh-dresden.de\/CMS\/WP\/wp-content\/uploads\/2016\/01\/luftbild-2011-1024x294.jpg\" class=\"story-img wp-post-image\" alt=\"2011 Erweiterungsbau\" srcset=\"http:\/\/www.sbh-dresden.de\/CMS\/WP\/wp-content\/uploads\/2016\/01\/luftbild-2011-1024x294.jpg 1024w, http:\/\/www.sbh-dresden.de\/CMS\/WP\/wp-content\/uploads\/2016\/01\/luftbild-2011-300x86.jpg 300w, http:\/\/www.sbh-dresden.de\/CMS\/WP\/wp-content\/uploads\/2016\/01\/luftbild-2011-768x221.jpg 768w, http:\/\/www.sbh-dresden.de\/CMS\/WP\/wp-content\/uploads\/2016\/01\/luftbild-2011.jpg 1504w\" sizes=\"auto, (max-width: 640px) 100vw, 640px\" \/><\/a><\/div><!-- Story Description --><div class=\"ctl-description\"><p>2011 wurde der Erweiterungsbau am Viertelacker 28 eingeweiht. Neben neuen K\u00fchlr\u00e4umen, Lagerhallen, Laderampen, B\u00fcros und Sanit\u00e4ranlagen wurde auch das Aussengel\u00e4nde&hellip;<a class=\"read_more ctl_read_more\" target=\"_self\" href=\"http:\/\/www.sbh-dresden.de\/CMS\/WP\/cool_timeline\/erweiterungsbau-2\/\" role=\"link\">Weiterlesen<\/a><\/p>\n<\/div><\/div><\/div><!-- Timeline Content --><div  id=\"ctl-story-370\" class=\"ctl-story ctl-story-icon odd ctl-story-right\" data-aos=\"none\"   data-story-index=\"3\" role=\"article\"><!-- Story Date --><div class=\"ctl-labels\"><div class=\"ctl-label-big story-date\">April 13 2011 12:24 p.m.<\/div><\/div><!-- Story Icon --><div class=\"ctl-icon\"><i class=\"fa fa-clock-o\" aria-hidden=\"true\"><\/i><\/div> <!-- Story Arrow --><div class=\"ctl-arrow\"><\/div><!-- Story Content --><div class=\"ctl-content\"><!-- Story Title --><div class=\"ctl-title story-370\" aria-label=\"2\"><a target=\"_self\" title=\"2011 20 Jahre SBH\" href=\"http:\/\/www.sbh-dresden.de\/CMS\/WP\/cool_timeline\/20-jahre-sbh\/\" class=\"story-link\">2011 20 Jahre SBH<\/a><\/div><!-- Story Media --><div class=\"ctl-media full\"><a data-glightbox=\"2011 20 Jahre SBH\" href=\"http:\/\/www.sbh-dresden.de\/CMS\/WP\/wp-content\/uploads\/2011\/04\/Feier6.jpg\" class=\"ctl_glightbox\"><img loading=\"lazy\" decoding=\"async\" width=\"640\" height=\"428\" src=\"http:\/\/www.sbh-dresden.de\/CMS\/WP\/wp-content\/uploads\/2011\/04\/Feier6-1024x685.jpg\" class=\"story-img wp-post-image\" alt=\"2011 20 Jahre SBH\" srcset=\"http:\/\/www.sbh-dresden.de\/CMS\/WP\/wp-content\/uploads\/2011\/04\/Feier6-1024x685.jpg 1024w, http:\/\/www.sbh-dresden.de\/CMS\/WP\/wp-content\/uploads\/2011\/04\/Feier6-300x201.jpg 300w, http:\/\/www.sbh-dresden.de\/CMS\/WP\/wp-content\/uploads\/2011\/04\/Feier6-768x514.jpg 768w, http:\/\/www.sbh-dresden.de\/CMS\/WP\/wp-content\/uploads\/2011\/04\/Feier6.jpg 1167w\" sizes=\"auto, (max-width: 640px) 100vw, 640px\" \/><\/a><\/div><!-- Story Description --><div class=\"ctl-description\"><p>2011 feiert die SBH Frucht- und Getr\u00e4nkegro\u00dfhandel GmbH ihr 20-j\u00e4hriges Firmenjubil\u00e4um.<\/p>\n<\/div><\/div><\/div><!-- Timeline Content --><div  id=\"ctl-story-369\" class=\"ctl-story ctl-story-icon even ctl-story-left\" data-aos=\"none\"   data-story-index=\"4\" role=\"article\"><!-- Story Date --><div class=\"ctl-labels\"><div class=\"ctl-label-big story-date\">Januar 13 2003 12:22 p.m.<\/div><\/div><!-- Story Icon --><div class=\"ctl-icon\"><i class=\"fa fa-clock-o\" aria-hidden=\"true\"><\/i><\/div> <!-- Story Arrow --><div class=\"ctl-arrow\"><\/div><!-- Story Content --><div class=\"ctl-content\"><!-- Story Title --><div class=\"ctl-title story-369\" aria-label=\"2\"><a target=\"_self\" title=\"2003 Erweiterungsbau\" href=\"http:\/\/www.sbh-dresden.de\/CMS\/WP\/cool_timeline\/erweiterungsbau\/\" class=\"story-link\">2003 Erweiterungsbau<\/a><\/div><!-- Story Media --><div class=\"ctl-media full\"><a data-glightbox=\"2003 Erweiterungsbau\" href=\"http:\/\/www.sbh-dresden.de\/CMS\/WP\/wp-content\/uploads\/2016\/01\/Luftbild-2005.jpg\" class=\"ctl_glightbox\"><img loading=\"lazy\" decoding=\"async\" width=\"640\" height=\"494\" src=\"http:\/\/www.sbh-dresden.de\/CMS\/WP\/wp-content\/uploads\/2016\/01\/Luftbild-2005.jpg\" class=\"story-img wp-post-image\" alt=\"2003 Erweiterungsbau\" srcset=\"http:\/\/www.sbh-dresden.de\/CMS\/WP\/wp-content\/uploads\/2016\/01\/Luftbild-2005.jpg 782w, http:\/\/www.sbh-dresden.de\/CMS\/WP\/wp-content\/uploads\/2016\/01\/Luftbild-2005-300x232.jpg 300w, http:\/\/www.sbh-dresden.de\/CMS\/WP\/wp-content\/uploads\/2016\/01\/Luftbild-2005-768x593.jpg 768w\" sizes=\"auto, (max-width: 640px) 100vw, 640px\" \/><\/a><\/div><!-- Story Description --><div class=\"ctl-description\"><p>2003 wurde wieder am Viertelacker gebaut. Eine Erweiterung der vorhandenen Geb\u00e4ude war n\u00f6tig geworden. So wurde eine neue Getr\u00e4nkelagerhalle errichtet,&hellip;<a class=\"read_more ctl_read_more\" target=\"_self\" href=\"http:\/\/www.sbh-dresden.de\/CMS\/WP\/cool_timeline\/erweiterungsbau\/\" role=\"link\">Weiterlesen<\/a><\/p>\n<\/div><\/div><\/div><!-- Timeline Content --><div  id=\"ctl-story-272\" class=\"ctl-story ctl-story-icon odd ctl-story-right\" data-aos=\"none\"   data-story-index=\"5\" role=\"article\"><!-- Story Date --><div class=\"ctl-labels\"><div class=\"ctl-label-big story-date\">Dezember 1 1996 6:16 a.m.<\/div><\/div><!-- Story Icon --><div class=\"ctl-icon\"><i class=\"fa fa-clock-o\" aria-hidden=\"true\"><\/i><\/div> <!-- Story Arrow --><div class=\"ctl-arrow\"><\/div><!-- Story Content --><div class=\"ctl-content\"><!-- Story Title --><div class=\"ctl-title story-272\" aria-label=\"2\"><a target=\"_self\" title=\"1996 Verkaufs- und der Produktionsstart\" href=\"http:\/\/www.sbh-dresden.de\/CMS\/WP\/cool_timeline\/verkaufs-und-der-produktionsstart\/\" class=\"story-link\">1996 Verkaufs- und der Produktionsstart<\/a><\/div><!-- Story Media --><div class=\"ctl-media full\"><a data-glightbox=\"1996 Verkaufs- und der Produktionsstart\" href=\"http:\/\/www.sbh-dresden.de\/CMS\/WP\/wp-content\/uploads\/2016\/01\/1997-1.jpg\" class=\"ctl_glightbox\"><img loading=\"lazy\" decoding=\"async\" width=\"640\" height=\"438\" src=\"http:\/\/www.sbh-dresden.de\/CMS\/WP\/wp-content\/uploads\/2016\/01\/1997-1-1024x701.jpg\" class=\"story-img wp-post-image\" alt=\"1996 Verkaufs- und der Produktionsstart\" srcset=\"http:\/\/www.sbh-dresden.de\/CMS\/WP\/wp-content\/uploads\/2016\/01\/1997-1-1024x701.jpg 1024w, http:\/\/www.sbh-dresden.de\/CMS\/WP\/wp-content\/uploads\/2016\/01\/1997-1-300x205.jpg 300w, http:\/\/www.sbh-dresden.de\/CMS\/WP\/wp-content\/uploads\/2016\/01\/1997-1-768x526.jpg 768w, http:\/\/www.sbh-dresden.de\/CMS\/WP\/wp-content\/uploads\/2016\/01\/1997-1.jpg 1207w\" sizes=\"auto, (max-width: 640px) 100vw, 640px\" \/><\/a><\/div><!-- Story Description --><div class=\"ctl-description\"><p>Am 30.11.1996 konnten die neuen Hallen endlich bezogen werden und am 01.12.1996 erfolgte dann der Verkaufs- und der Produktionsstart.<\/p>\n<\/div><\/div><\/div><!-- Timeline Content --><div  id=\"ctl-story-271\" class=\"ctl-story ctl-story-icon even ctl-story-left\" data-aos=\"none\"   data-story-index=\"6\" role=\"article\"><!-- Story Date --><div class=\"ctl-labels\"><div class=\"ctl-label-big story-date\">Juni 1 1996 6:14 a.m.<\/div><\/div><!-- Story Icon --><div class=\"ctl-icon\"><i class=\"fa fa-clock-o\" aria-hidden=\"true\"><\/i><\/div> <!-- Story Arrow --><div class=\"ctl-arrow\"><\/div><!-- Story Content --><div class=\"ctl-content\"><!-- Story Title --><div class=\"ctl-title story-271\" aria-label=\"2\"><a target=\"_self\" title=\"1996 Baubeginn des neuen Produktions- und Logistikzentrums\" href=\"http:\/\/www.sbh-dresden.de\/CMS\/WP\/cool_timeline\/baubeginn-des-neuen-produktions-und-logistikzentrums\/\" class=\"story-link\">1996 Baubeginn des neuen Produktions- und Logistikzentrums<\/a><\/div><!-- Story Media --><div class=\"ctl-media full\"><a data-glightbox=\"1996 Baubeginn des neuen Produktions- und Logistikzentrums\" href=\"http:\/\/www.sbh-dresden.de\/CMS\/WP\/wp-content\/uploads\/2016\/01\/1996-4.jpg\" class=\"ctl_glightbox\"><img loading=\"lazy\" decoding=\"async\" width=\"640\" height=\"482\" src=\"http:\/\/www.sbh-dresden.de\/CMS\/WP\/wp-content\/uploads\/2016\/01\/1996-4.jpg\" class=\"story-img wp-post-image\" alt=\"1996 Baubeginn des neuen Produktions- und Logistikzentrums\" srcset=\"http:\/\/www.sbh-dresden.de\/CMS\/WP\/wp-content\/uploads\/2016\/01\/1996-4.jpg 999w, http:\/\/www.sbh-dresden.de\/CMS\/WP\/wp-content\/uploads\/2016\/01\/1996-4-300x226.jpg 300w, http:\/\/www.sbh-dresden.de\/CMS\/WP\/wp-content\/uploads\/2016\/01\/1996-4-768x578.jpg 768w\" sizes=\"auto, (max-width: 640px) 100vw, 640px\" \/><\/a><\/div><!-- Story Description --><div class=\"ctl-description\"><p>Baubeginn des neuen Produktions- und Logistikzentrums am Viertelacker 28 in 01259. Durch die Investsumme von 4 Mio. DM entstanden 2200&hellip;<a class=\"read_more ctl_read_more\" target=\"_self\" href=\"http:\/\/www.sbh-dresden.de\/CMS\/WP\/cool_timeline\/baubeginn-des-neuen-produktions-und-logistikzentrums\/\" role=\"link\">Weiterlesen<\/a><\/p>\n<\/div><\/div><\/div><!-- Timeline Content --><div  id=\"ctl-story-270\" class=\"ctl-story ctl-story-icon odd ctl-story-right\" data-aos=\"none\"   data-story-index=\"7\" role=\"article\"><!-- Story Date --><div class=\"ctl-labels\"><div class=\"ctl-label-big story-date\">Mai 2 1991 6:12 a.m.<\/div><\/div><!-- Story Icon --><div class=\"ctl-icon\"><i class=\"fa fa-clock-o\" aria-hidden=\"true\"><\/i><\/div> <!-- Story Arrow --><div class=\"ctl-arrow\"><\/div><!-- Story Content --><div class=\"ctl-content\"><!-- Story Title --><div class=\"ctl-title story-270\" aria-label=\"2\"><a target=\"_self\" title=\"1991 Gesch\u00e4ftser\u00f6ffnung\" href=\"http:\/\/www.sbh-dresden.de\/CMS\/WP\/cool_timeline\/geschaeftseroeffnung\/\" class=\"story-link\">1991 Gesch\u00e4ftser\u00f6ffnung<\/a><\/div><!-- Story Media --><div class=\"ctl-media full\"><a data-glightbox=\"1991 Gesch\u00e4ftser\u00f6ffnung\" href=\"http:\/\/www.sbh-dresden.de\/CMS\/WP\/wp-content\/uploads\/2016\/01\/nickern3.jpg\" class=\"ctl_glightbox\"><img loading=\"lazy\" decoding=\"async\" width=\"180\" height=\"150\" src=\"http:\/\/www.sbh-dresden.de\/CMS\/WP\/wp-content\/uploads\/2016\/01\/nickern3.jpg\" class=\"story-img wp-post-image\" alt=\"1991 Gesch\u00e4ftser\u00f6ffnung\" \/><\/a><\/div><!-- Story Description --><div class=\"ctl-description\"><p>Gesch\u00e4ftser\u00f6ffnung in den K\u00fchlhallen am Schlo\u00df Nickern mit 900m\u00b2 \u00fcberdachter Fl\u00e4che<\/p>\n<\/div><\/div><\/div><!-- Timeline Content --><div  id=\"ctl-story-255\" class=\"ctl-story ctl-story-icon even ctl-story-left\" data-aos=\"none\"   data-story-index=\"8\" role=\"article\"><!-- Story Date --><div class=\"ctl-labels\"><div class=\"ctl-label-big story-date\">April 13 1991 8:08 a.m.<\/div><\/div><!-- Story Icon --><div class=\"ctl-icon\"><i class= \"fa fas fa-bullseye\" aria-hidden =\"true\"><\/i><\/div> <!-- Story Arrow --><div class=\"ctl-arrow\"><\/div><!-- Story Content --><div class=\"ctl-content\"><!-- Story Title --><div class=\"ctl-title story-255\" aria-label=\"2\"><a target=\"_self\" title=\"1991 Gr\u00fcndung der SBH Frucht- und Getr\u00e4nkegro\u00dfhandel GmbH\" href=\"http:\/\/www.sbh-dresden.de\/CMS\/WP\/cool_timeline\/april-1991\/\" class=\"story-link\">1991 Gr\u00fcndung der SBH Frucht- und Getr\u00e4nkegro\u00dfhandel GmbH<\/a><\/div><!-- Story Media --><div class=\"ctl-media full\"><a data-glightbox=\"1991 Gr\u00fcndung der SBH Frucht- und Getr\u00e4nkegro\u00dfhandel GmbH\" href=\"http:\/\/www.sbh-dresden.de\/CMS\/WP\/wp-content\/uploads\/2013\/09\/SBH_Logo_IHK.jpg\" class=\"ctl_glightbox\"><img loading=\"lazy\" decoding=\"async\" width=\"249\" height=\"224\" src=\"http:\/\/www.sbh-dresden.de\/CMS\/WP\/wp-content\/uploads\/2013\/09\/SBH_Logo_IHK.jpg\" class=\"story-img wp-post-image\" alt=\"1991 Gr\u00fcndung der SBH Frucht- und Getr\u00e4nkegro\u00dfhandel GmbH\" \/><\/a><\/div><\/div><\/div>\t\t\t\t\t<\/div>\n\t\t\t\t\t<div class=\"ctl-end\"><\/div>\n\t\t\t\t\t\t\t\t\t<\/div>\n\t\t\t<\/div>\n\t\t\t<\/div>\n","protected":false},"excerpt":{"rendered":"","protected":false},"author":1,"featured_media":0,"parent":0,"menu_order":0,"comment_status":"closed","ping_status":"closed","template":"","meta":{"footnotes":""},"class_list":["post-250","page","type-page","status-publish","hentry"],"_links":{"self":[{"href":"http:\/\/www.sbh-dresden.de\/CMS\/WP\/wp-json\/wp\/v2\/pages\/250","targetHints":{"allow":["GET"]}}],"collection":[{"href":"http:\/\/www.sbh-dresden.de\/CMS\/WP\/wp-json\/wp\/v2\/pages"}],"about":[{"href":"http:\/\/www.sbh-dresden.de\/CMS\/WP\/wp-json\/wp\/v2\/types\/page"}],"author":[{"embeddable":true,"href":"http:\/\/www.sbh-dresden.de\/CMS\/WP\/wp-json\/wp\/v2\/users\/1"}],"replies":[{"embeddable":true,"href":"http:\/\/www.sbh-dresden.de\/CMS\/WP\/wp-json\/wp\/v2\/comments?post=250"}],"version-history":[{"count":32,"href":"http:\/\/www.sbh-dresden.de\/CMS\/WP\/wp-json\/wp\/v2\/pages\/250\/revisions"}],"predecessor-version":[{"id":761,"href":"http:\/\/www.sbh-dresden.de\/CMS\/WP\/wp-json\/wp\/v2\/pages\/250\/revisions\/761"}],"wp:attachment":[{"href":"http:\/\/www.sbh-dresden.de\/CMS\/WP\/wp-json\/wp\/v2\/media?parent=250"}],"curies":[{"name":"wp","href":"https:\/\/api.w.org\/{rel}","templated":true}]}}