{"id":26,"date":"2012-09-04T14:02:48","date_gmt":"2012-09-04T12:02:48","guid":{"rendered":"http:\/\/www.sbh-dresden.de\/CMS\/WP\/?page_id=26"},"modified":"2025-05-09T09:20:36","modified_gmt":"2025-05-09T09:20:36","slug":"qualitatspolitik","status":"publish","type":"page","link":"http:\/\/www.sbh-dresden.de\/CMS\/WP\/qualitatspolitik\/","title":{"rendered":"Qualit\u00e4tspolitik"},"content":{"rendered":"<div id='gallery-1' class='gallery galleryid-26 gallery-columns-3 gallery-size-medium'><figure class='gallery-item'>\n\t\t\t<div class='gallery-icon landscape'>\n\t\t\t\t<img loading=\"lazy\" decoding=\"async\" width=\"250\" height=\"163\" src=\"http:\/\/www.sbh-dresden.de\/CMS\/WP\/wp-content\/uploads\/2012\/09\/IFS.png\" class=\"attachment-medium size-medium\" alt=\"\" aria-describedby=\"gallery-1-218\" \/>\n\t\t\t<\/div>\n\t\t\t\t<figcaption class='wp-caption-text gallery-caption' id='gallery-1-218'>\n\t\t\t\tInternational Featured Standards\n\t\t\t\t<\/figcaption><\/figure><figure class='gallery-item'>\n\t\t\t<div class='gallery-icon landscape'>\n\t\t\t\t<img loading=\"lazy\" decoding=\"async\" width=\"300\" height=\"215\" src=\"http:\/\/www.sbh-dresden.de\/CMS\/WP\/wp-content\/uploads\/2012\/09\/quality-500958_1920-300x215.jpg\" class=\"attachment-medium size-medium\" alt=\"\" srcset=\"http:\/\/www.sbh-dresden.de\/CMS\/WP\/wp-content\/uploads\/2012\/09\/quality-500958_1920-300x215.jpg 300w, http:\/\/www.sbh-dresden.de\/CMS\/WP\/wp-content\/uploads\/2012\/09\/quality-500958_1920-768x549.jpg 768w, http:\/\/www.sbh-dresden.de\/CMS\/WP\/wp-content\/uploads\/2012\/09\/quality-500958_1920-1024x732.jpg 1024w, http:\/\/www.sbh-dresden.de\/CMS\/WP\/wp-content\/uploads\/2012\/09\/quality-500958_1920.jpg 1920w\" sizes=\"auto, (max-width: 300px) 100vw, 300px\" \/>\n\t\t\t<\/div><\/figure><figure class='gallery-item'>\n\t\t\t<div class='gallery-icon landscape'>\n\t\t\t\t<img loading=\"lazy\" decoding=\"async\" width=\"250\" height=\"167\" src=\"http:\/\/www.sbh-dresden.de\/CMS\/WP\/wp-content\/uploads\/2012\/09\/EU_Organic_Logo_Colour_Version_54x36mm_IsoC-1.gif\" class=\"attachment-medium size-medium\" alt=\"\" aria-describedby=\"gallery-1-702\" \/>\n\t\t\t<\/div>\n\t\t\t\t<figcaption class='wp-caption-text gallery-caption' id='gallery-1-702'>\n\t\t\t\tBiokontrollstelle: DE-\u00d6KO-001\n\t\t\t\t<\/figcaption><\/figure>\n\t\t<\/div>\n\r\n<h1 style=\"text-align: center;\">\u00a0<\/h1>\r\n<h1 style=\"text-align: center;\">\u00a0<\/h1>\r\n<h1 style=\"text-align: center;\">\u00a0<strong>\u201eQualit\u00e4t, Frische und Sauberkeit\u201c<\/strong><\/h1>\r\n<p align=\"justify\">Die <strong>SBH Frucht- und Getr\u00e4nkegro\u00dfhandel GmbH<\/strong> verfolgt seit ihrer Gr\u00fcndung 1991 klare Qualit\u00e4tsziele, die durch regelm\u00e4\u00dfige Kontrollen seitens unabh\u00e4ngiger Instanzen \u00fcber die Jahre hinweg immer wieder best\u00e4tigt wurden. Seit 1998 arbeiten wir im Rahmen eines <strong>HACCP<\/strong> \u2013 Konzeptes (Hazard Analysis &amp; Critical Control Points), um die strenge Einhaltung unserer Qualit\u00e4ts- und Hygienerichtlinien exakt dokumentieren zu k\u00f6nnen.<br \/>Auf diesem Konzept aufbauend konnte im Jahr 2000 ein Qualit\u00e4tsmanagement nach <strong>DIN EN ISO 9002:1994<\/strong> zertifiziert werden. Damit wurde eine weitere Steigerung im Optimierungsprozess des Unternehmens erreicht. Die Festlegung und Ver\u00f6ffentlichung klarer Strukturen, Verantwortlichkeiten und Verfahrensanweisungen hilft unseren Mitarbeitern, sich im t\u00e4glichen Arbeitsablauf schneller orientieren zu k\u00f6nnen und beschleunigt die Handlungsabl\u00e4ufe.<br \/>Eine M\u00f6glichkeit der Erweiterung im Rahmen unseres Qualit\u00e4tsmanagements bot die neue Norm nach <strong>DIN EN ISO 9001:2000<\/strong>, die 2004 in unserem Unternehmen zertifiziert wurde. Aufgrund der neuen Anforderungen von Kunden und dem Erweiterungsbau ist die SBH Frucht- und Getr\u00e4nkegro\u00dfhandel GmbH seit Ende April 2011 nach <strong>IFS &#8211; International Featured Standards<\/strong> zertifiziert.<\/p>\r\n<p>Die Qualit\u00e4tspolitik unseres Unternehmens geht von folgenden Pr\u00e4missen aus:<\/p>\r\n<ul>\r\n<li><strong>QUALIT\u00c4T verlangt kundenorientiertes Handeln und Denken !<\/strong><br \/>Alle Phasen des Betriebsablaufs sind durch kundenorientiertes Handeln und Denken gepr\u00e4gt:<br \/>&#8211; der Wareneinkauf,<br \/>&#8211; die Lagerhaltung,<br \/>&#8211; die Kommissionierung und<br \/>&#8211; die Belieferung der Kunden.<\/li>\r\n<li><strong>QUALIT\u00c4T verlangt F\u00fchrung !<\/strong><br \/>Die Gesch\u00e4ftsleitung stellt Qualit\u00e4t durch das Festlegen und Sichern der Qualit\u00e4tsziele und die st\u00e4ndige Weiterbildung der Mitarbeiter sicher.<\/li>\r\n<li><strong>QUALIT\u00c4T verlangt die Mitarbeit aller !<\/strong><br \/>Die Auswahl unserer Lieferanten orientiert sich an gepr\u00fcften Qualit\u00e4tsmanagementsystemen und einer daraus folgenden hohen Qualit\u00e4t der Erzeugnisse. Die Einbeziehung der Mitarbeiterinnen und Mitarbeiter in den<br \/>Qualit\u00e4tsgestaltungsprozess stellt ein notwendiges Element unseres Qualit\u00e4tsmanagementsystems dar. Durch Schulungen und gegenseitige Beeinflussung soll die pers\u00f6nliche F\u00e4higkeit eines jeden zur Schaffung von Qualit\u00e4t gew\u00e4hrleistet sein.<\/li>\r\n<li><strong>QUALIT\u00c4T senkt die Kosten!<\/strong><br \/>Die Qualit\u00e4tspolitik unseres Unternehmens zielt darauf ab, Fehler in allen Phasen zu verhindern. Dadurch werden Mehrarbeit und Nacharbeit vermieden. Durch eine daraus folgende geringe Reklamationsrate entstehen erhebliche Kosten erst gar nicht.<\/li>\r\n<li><strong>QUALIT\u00c4T sichert den Erfolg!<\/strong><br \/>Durch die Senkung der Kosten erh\u00f6ht sich der wirtschaftliche Erfolg des Unternehmens. Dies ist die Grundlage sicherer Arbeitspl\u00e4tze. Stabile Qualit\u00e4t sichert hohe Ums\u00e4tze. Damit tragen wir in der Stadt Dresden zur Stabilisierung der Wirtschaft und der sozialen Strukturen bei.<\/li>\r\n<li><strong>Unser Ziel<br \/><\/strong>Auf der Grundlage unserer Qualit\u00e4tspolitik wollen wir in einem fairen Wettbewerb unsere Marktstellung als Gro\u00dfh\u00e4ndler festigen und weiter ausbauen. In einem hohen Qualit\u00e4tsanspruch sehen wir den besten Beitrag, das Kundeninteresse an unseren Produkten zu wahren.<\/li>\r\n<\/ul>\r\n<p>Hier finden Sie unsere aktuellen Zertifikate:<\/p>\r\n<table>\r\n<tbody>\r\n<tr>\r\n<td>IFS Zertifikat<\/td>\r\n<td><a href=\"http:\/\/www.sbh-dresden.de\/CMS\/WP\/wp-content\/uploads\/2025\/05\/SBH-IFS-2025.pdf\">IFS SBH<\/a><\/td>\r\n<\/tr>\r\n<tr>\r\n<td>BIO Zertifikat<\/td>\r\n<td><a href=\"http:\/\/www.sbh-dresden.de\/CMS\/WP\/wp-content\/uploads\/2024\/06\/BIO-SBH.pdf\">BIO SBH<\/a><\/td>\r\n<\/tr>\r\n<\/tbody>\r\n<\/table>\r\n<p>&nbsp;<\/p>\r\n\r\n\r\n","protected":false},"excerpt":{"rendered":"<p>\u00a0 \u00a0 \u00a0\u201eQualit\u00e4t, Frische und Sauberkeit\u201c Die SBH Frucht- und Getr\u00e4nkegro\u00dfhandel GmbH verfolgt seit ihrer Gr\u00fcndung 1991 klare Qualit\u00e4tsziele, die durch regelm\u00e4\u00dfige Kontrollen seitens unabh\u00e4ngiger Instanzen \u00fcber die Jahre hinweg immer wieder best\u00e4tigt wurden. Seit 1998 arbeiten wir im Rahmen eines HACCP \u2013 Konzeptes (Hazard Analysis &amp; Critical Control Points), um die strenge Einhaltung unserer Qualit\u00e4ts- und Hygienerichtlinien exakt dokumentieren zu k\u00f6nnen.Auf diesem Konzept aufbauend konnte im Jahr 2000 ein Qualit\u00e4tsmanagement nach DIN EN ISO 9002:1994 zertifiziert werden. Damit wurde&#8230;<\/p>\n<p class=\"read-more\"><a class=\"btn btn-default\" href=\"http:\/\/www.sbh-dresden.de\/CMS\/WP\/qualitatspolitik\/\">Weiterlesen<span class=\"screen-reader-text\"> Weiterlesen<\/span><\/a><\/p>\n","protected":false},"author":1,"featured_media":0,"parent":0,"menu_order":0,"comment_status":"closed","ping_status":"closed","template":"","meta":{"footnotes":""},"class_list":["post-26","page","type-page","status-publish","hentry"],"_links":{"self":[{"href":"http:\/\/www.sbh-dresden.de\/CMS\/WP\/wp-json\/wp\/v2\/pages\/26","targetHints":{"allow":["GET"]}}],"collection":[{"href":"http:\/\/www.sbh-dresden.de\/CMS\/WP\/wp-json\/wp\/v2\/pages"}],"about":[{"href":"http:\/\/www.sbh-dresden.de\/CMS\/WP\/wp-json\/wp\/v2\/types\/page"}],"author":[{"embeddable":true,"href":"http:\/\/www.sbh-dresden.de\/CMS\/WP\/wp-json\/wp\/v2\/users\/1"}],"replies":[{"embeddable":true,"href":"http:\/\/www.sbh-dresden.de\/CMS\/WP\/wp-json\/wp\/v2\/comments?post=26"}],"version-history":[{"count":37,"href":"http:\/\/www.sbh-dresden.de\/CMS\/WP\/wp-json\/wp\/v2\/pages\/26\/revisions"}],"predecessor-version":[{"id":1130,"href":"http:\/\/www.sbh-dresden.de\/CMS\/WP\/wp-json\/wp\/v2\/pages\/26\/revisions\/1130"}],"wp:attachment":[{"href":"http:\/\/www.sbh-dresden.de\/CMS\/WP\/wp-json\/wp\/v2\/media?parent=26"}],"curies":[{"name":"wp","href":"https:\/\/api.w.org\/{rel}","templated":true}]}}