{"id":28,"date":"2012-09-04T14:03:17","date_gmt":"2012-09-04T12:03:17","guid":{"rendered":"http:\/\/www.sbh-dresden.de\/CMS\/WP\/?page_id=28"},"modified":"2025-07-11T06:34:58","modified_gmt":"2025-07-11T06:34:58","slug":"service","status":"publish","type":"page","link":"http:\/\/www.sbh-dresden.de\/CMS\/WP\/service\/","title":{"rendered":"Service"},"content":{"rendered":"<p>Wir beliefern Sie t\u00e4glich in der von Ihnen vorgegebenen Zeit mit eigenen modernen Frischdienstfahrzeugen.<\/p>\r\n<p><span style=\"font-size: 12pt;\">Unser <span style=\"text-decoration: underline;\"><strong>Telefonverkauf<\/strong> <\/span>nimmt Ihre Bestellung telefonisch unter 0351 2703195 entgegen.<br \/><\/span><\/p>\r\n<table style=\"width: 100%; height: 72px;\">\r\n<tbody>\r\n<tr style=\"height: 24px;\">\r\n<td style=\"height: 24px; width: 28.5246%;\"><strong>Montag \u2013 Donnerstag <\/strong><\/td>\r\n<td style=\"height: 24px; width: 70.8197%;\"><strong>von 06:00 Uhr bis 23:00 Uhr<\/strong><\/td>\r\n<\/tr>\r\n<tr style=\"height: 24px;\">\r\n<td style=\"height: 24px; width: 28.5246%;\"><strong>Freitag\u00a0\u00a0<\/strong><\/td>\r\n<td style=\"height: 24px; width: 70.8197%;\"><strong>von 06:00 Uhr bis 17:00 Uhr<\/strong><\/td>\r\n<\/tr>\r\n<tr style=\"height: 24px;\">\r\n<td style=\"height: 24px; width: 28.5246%;\"><strong>Sonntag <br \/><\/strong><\/td>\r\n<td style=\"height: 24px; width: 70.8197%;\"><strong>von 10:00 Uhr bis 23:00 Uhr <br \/><\/strong><\/td>\r\n<\/tr>\r\n<\/tbody>\r\n<\/table>\r\n<p><br \/>Au\u00dferhalb dieser Zeiten k\u00f6nnen Sie \u00fcber Anrufbeantworter, Fax oder Email bestellen. Wenden Sie sich einfach an unser Verkaufsteam. Wenn Sie es w\u00fcnschen, rufen wir Sie auch t\u00e4glich oder nach Vereinbarung an.<\/p>\r\n<p>&nbsp;<\/p>\r\n<p>&nbsp;<\/p>\r\n<p>&nbsp;<\/p>\r\n<div id='gallery-1' class='gallery galleryid-28 gallery-columns-3 gallery-size-thumbnail'><figure class='gallery-item'>\n\t\t\t<div class='gallery-icon landscape'>\n\t\t\t\t<img loading=\"lazy\" decoding=\"async\" width=\"150\" height=\"150\" src=\"http:\/\/www.sbh-dresden.de\/CMS\/WP\/wp-content\/uploads\/2016\/01\/abholmarkt3-150x150.jpg\" class=\"attachment-thumbnail size-thumbnail\" alt=\"\" srcset=\"http:\/\/www.sbh-dresden.de\/CMS\/WP\/wp-content\/uploads\/2016\/01\/abholmarkt3-150x150.jpg 150w, http:\/\/www.sbh-dresden.de\/CMS\/WP\/wp-content\/uploads\/2016\/01\/abholmarkt3-250x250.jpg 250w, http:\/\/www.sbh-dresden.de\/CMS\/WP\/wp-content\/uploads\/2016\/01\/abholmarkt3-96x96.jpg 96w, http:\/\/www.sbh-dresden.de\/CMS\/WP\/wp-content\/uploads\/2016\/01\/abholmarkt3-24x24.jpg 24w, http:\/\/www.sbh-dresden.de\/CMS\/WP\/wp-content\/uploads\/2016\/01\/abholmarkt3-36x36.jpg 36w, http:\/\/www.sbh-dresden.de\/CMS\/WP\/wp-content\/uploads\/2016\/01\/abholmarkt3-48x48.jpg 48w, http:\/\/www.sbh-dresden.de\/CMS\/WP\/wp-content\/uploads\/2016\/01\/abholmarkt3-64x64.jpg 64w\" sizes=\"auto, (max-width: 150px) 100vw, 150px\" \/>\n\t\t\t<\/div><\/figure><figure class='gallery-item'>\n\t\t\t<div class='gallery-icon landscape'>\n\t\t\t\t<img loading=\"lazy\" decoding=\"async\" width=\"150\" height=\"150\" src=\"http:\/\/www.sbh-dresden.de\/CMS\/WP\/wp-content\/uploads\/2012\/09\/abholmarkt-150x150.jpg\" class=\"attachment-thumbnail size-thumbnail\" alt=\"\" srcset=\"http:\/\/www.sbh-dresden.de\/CMS\/WP\/wp-content\/uploads\/2012\/09\/abholmarkt-150x150.jpg 150w, http:\/\/www.sbh-dresden.de\/CMS\/WP\/wp-content\/uploads\/2012\/09\/abholmarkt-96x96.jpg 96w, http:\/\/www.sbh-dresden.de\/CMS\/WP\/wp-content\/uploads\/2012\/09\/abholmarkt-24x24.jpg 24w, http:\/\/www.sbh-dresden.de\/CMS\/WP\/wp-content\/uploads\/2012\/09\/abholmarkt-36x36.jpg 36w, http:\/\/www.sbh-dresden.de\/CMS\/WP\/wp-content\/uploads\/2012\/09\/abholmarkt-48x48.jpg 48w, http:\/\/www.sbh-dresden.de\/CMS\/WP\/wp-content\/uploads\/2012\/09\/abholmarkt-64x64.jpg 64w\" sizes=\"auto, (max-width: 150px) 100vw, 150px\" \/>\n\t\t\t<\/div><\/figure><figure class='gallery-item'>\n\t\t\t<div class='gallery-icon landscape'>\n\t\t\t\t<img loading=\"lazy\" decoding=\"async\" width=\"150\" height=\"150\" src=\"http:\/\/www.sbh-dresden.de\/CMS\/WP\/wp-content\/uploads\/2012\/09\/bierwagen-150x150.gif\" class=\"attachment-thumbnail size-thumbnail\" alt=\"\" srcset=\"http:\/\/www.sbh-dresden.de\/CMS\/WP\/wp-content\/uploads\/2012\/09\/bierwagen-150x150.gif 150w, http:\/\/www.sbh-dresden.de\/CMS\/WP\/wp-content\/uploads\/2012\/09\/bierwagen-96x96.gif 96w, http:\/\/www.sbh-dresden.de\/CMS\/WP\/wp-content\/uploads\/2012\/09\/bierwagen-24x24.gif 24w, http:\/\/www.sbh-dresden.de\/CMS\/WP\/wp-content\/uploads\/2012\/09\/bierwagen-36x36.gif 36w, http:\/\/www.sbh-dresden.de\/CMS\/WP\/wp-content\/uploads\/2012\/09\/bierwagen-48x48.gif 48w, http:\/\/www.sbh-dresden.de\/CMS\/WP\/wp-content\/uploads\/2012\/09\/bierwagen-64x64.gif 64w\" sizes=\"auto, (max-width: 150px) 100vw, 150px\" \/>\n\t\t\t<\/div><\/figure><figure class='gallery-item'>\n\t\t\t<div class='gallery-icon landscape'>\n\t\t\t\t<img loading=\"lazy\" decoding=\"async\" width=\"150\" height=\"150\" src=\"http:\/\/www.sbh-dresden.de\/CMS\/WP\/wp-content\/uploads\/2012\/09\/lkw-150x150.jpg\" class=\"attachment-thumbnail size-thumbnail\" alt=\"\" srcset=\"http:\/\/www.sbh-dresden.de\/CMS\/WP\/wp-content\/uploads\/2012\/09\/lkw-150x150.jpg 150w, http:\/\/www.sbh-dresden.de\/CMS\/WP\/wp-content\/uploads\/2012\/09\/lkw-96x96.jpg 96w, http:\/\/www.sbh-dresden.de\/CMS\/WP\/wp-content\/uploads\/2012\/09\/lkw-24x24.jpg 24w, http:\/\/www.sbh-dresden.de\/CMS\/WP\/wp-content\/uploads\/2012\/09\/lkw-36x36.jpg 36w, http:\/\/www.sbh-dresden.de\/CMS\/WP\/wp-content\/uploads\/2012\/09\/lkw-48x48.jpg 48w, http:\/\/www.sbh-dresden.de\/CMS\/WP\/wp-content\/uploads\/2012\/09\/lkw-64x64.jpg 64w\" sizes=\"auto, (max-width: 150px) 100vw, 150px\" \/>\n\t\t\t<\/div><\/figure><figure class='gallery-item'>\n\t\t\t<div class='gallery-icon landscape'>\n\t\t\t\t<img loading=\"lazy\" decoding=\"async\" width=\"150\" height=\"150\" src=\"http:\/\/www.sbh-dresden.de\/CMS\/WP\/wp-content\/uploads\/2012\/09\/Bild-2-1-150x150.jpg\" class=\"attachment-thumbnail size-thumbnail\" alt=\"\" srcset=\"http:\/\/www.sbh-dresden.de\/CMS\/WP\/wp-content\/uploads\/2012\/09\/Bild-2-1-150x150.jpg 150w, http:\/\/www.sbh-dresden.de\/CMS\/WP\/wp-content\/uploads\/2012\/09\/Bild-2-1-96x96.jpg 96w, http:\/\/www.sbh-dresden.de\/CMS\/WP\/wp-content\/uploads\/2012\/09\/Bild-2-1-24x24.jpg 24w, http:\/\/www.sbh-dresden.de\/CMS\/WP\/wp-content\/uploads\/2012\/09\/Bild-2-1-36x36.jpg 36w, http:\/\/www.sbh-dresden.de\/CMS\/WP\/wp-content\/uploads\/2012\/09\/Bild-2-1-48x48.jpg 48w, http:\/\/www.sbh-dresden.de\/CMS\/WP\/wp-content\/uploads\/2012\/09\/Bild-2-1-64x64.jpg 64w\" sizes=\"auto, (max-width: 150px) 100vw, 150px\" \/>\n\t\t\t<\/div><\/figure><figure class='gallery-item'>\n\t\t\t<div class='gallery-icon portrait'>\n\t\t\t\t<img loading=\"lazy\" decoding=\"async\" width=\"150\" height=\"150\" src=\"http:\/\/www.sbh-dresden.de\/CMS\/WP\/wp-content\/uploads\/2012\/09\/K\u00fchlanh\u00e4nger-SBH-150x150.jpg\" class=\"attachment-thumbnail size-thumbnail\" alt=\"\" srcset=\"http:\/\/www.sbh-dresden.de\/CMS\/WP\/wp-content\/uploads\/2012\/09\/K\u00fchlanh\u00e4nger-SBH-150x150.jpg 150w, http:\/\/www.sbh-dresden.de\/CMS\/WP\/wp-content\/uploads\/2012\/09\/K\u00fchlanh\u00e4nger-SBH-96x96.jpg 96w, http:\/\/www.sbh-dresden.de\/CMS\/WP\/wp-content\/uploads\/2012\/09\/K\u00fchlanh\u00e4nger-SBH-24x24.jpg 24w, http:\/\/www.sbh-dresden.de\/CMS\/WP\/wp-content\/uploads\/2012\/09\/K\u00fchlanh\u00e4nger-SBH-36x36.jpg 36w, http:\/\/www.sbh-dresden.de\/CMS\/WP\/wp-content\/uploads\/2012\/09\/K\u00fchlanh\u00e4nger-SBH-48x48.jpg 48w, http:\/\/www.sbh-dresden.de\/CMS\/WP\/wp-content\/uploads\/2012\/09\/K\u00fchlanh\u00e4nger-SBH-64x64.jpg 64w\" sizes=\"auto, (max-width: 150px) 100vw, 150px\" \/>\n\t\t\t<\/div><\/figure>\n\t\t<\/div>\n\r\n<p>&nbsp;<\/p>\r\n<p><strong>\u00a0<\/strong><\/p>\r\n","protected":false},"excerpt":{"rendered":"<p>Wir beliefern Sie t\u00e4glich in der von Ihnen vorgegebenen Zeit mit eigenen modernen Frischdienstfahrzeugen. Unser Telefonverkauf nimmt Ihre Bestellung telefonisch unter 0351 2703195 entgegen. Montag \u2013 Donnerstag von 06:00 Uhr bis 23:00 Uhr Freitag\u00a0\u00a0 von 06:00 Uhr bis 17:00 Uhr Sonntag von 10:00 Uhr bis 23:00 Uhr Au\u00dferhalb dieser Zeiten k\u00f6nnen Sie \u00fcber Anrufbeantworter, Fax oder Email bestellen. Wenden Sie sich einfach an unser Verkaufsteam. Wenn Sie es w\u00fcnschen, rufen wir Sie auch t\u00e4glich oder nach Vereinbarung an. &nbsp; &nbsp;&#8230;<\/p>\n<p class=\"read-more\"><a class=\"btn btn-default\" href=\"http:\/\/www.sbh-dresden.de\/CMS\/WP\/service\/\">Weiterlesen<span class=\"screen-reader-text\"> Weiterlesen<\/span><\/a><\/p>\n","protected":false},"author":1,"featured_media":0,"parent":0,"menu_order":0,"comment_status":"closed","ping_status":"closed","template":"","meta":{"footnotes":""},"class_list":["post-28","page","type-page","status-publish","hentry"],"_links":{"self":[{"href":"http:\/\/www.sbh-dresden.de\/CMS\/WP\/wp-json\/wp\/v2\/pages\/28","targetHints":{"allow":["GET"]}}],"collection":[{"href":"http:\/\/www.sbh-dresden.de\/CMS\/WP\/wp-json\/wp\/v2\/pages"}],"about":[{"href":"http:\/\/www.sbh-dresden.de\/CMS\/WP\/wp-json\/wp\/v2\/types\/page"}],"author":[{"embeddable":true,"href":"http:\/\/www.sbh-dresden.de\/CMS\/WP\/wp-json\/wp\/v2\/users\/1"}],"replies":[{"embeddable":true,"href":"http:\/\/www.sbh-dresden.de\/CMS\/WP\/wp-json\/wp\/v2\/comments?post=28"}],"version-history":[{"count":24,"href":"http:\/\/www.sbh-dresden.de\/CMS\/WP\/wp-json\/wp\/v2\/pages\/28\/revisions"}],"predecessor-version":[{"id":1132,"href":"http:\/\/www.sbh-dresden.de\/CMS\/WP\/wp-json\/wp\/v2\/pages\/28\/revisions\/1132"}],"wp:attachment":[{"href":"http:\/\/www.sbh-dresden.de\/CMS\/WP\/wp-json\/wp\/v2\/media?parent=28"}],"curies":[{"name":"wp","href":"https:\/\/api.w.org\/{rel}","templated":true}]}}