{"id":518,"date":"2016-05-30T10:36:37","date_gmt":"2016-05-30T10:36:37","guid":{"rendered":"http:\/\/www.sbh-dresden.de\/CMS\/WP\/?page_id=518"},"modified":"2016-05-30T10:36:37","modified_gmt":"2016-05-30T10:36:37","slug":"sonstiges","status":"publish","type":"page","link":"http:\/\/www.sbh-dresden.de\/CMS\/WP\/sonstiges\/","title":{"rendered":"Sonstiges"},"content":{"rendered":"<p>&nbsp;<\/p>\n<div id='gallery-1' class='gallery galleryid-518 gallery-columns-5 gallery-size-thumbnail'><figure class='gallery-item'>\n\t\t\t<div class='gallery-icon portrait'>\n\t\t\t\t<a href='http:\/\/www.sbh-dresden.de\/CMS\/WP\/relaunch-webseite\/4-2\/'><img loading=\"lazy\" decoding=\"async\" width=\"150\" height=\"150\" src=\"http:\/\/www.sbh-dresden.de\/CMS\/WP\/wp-content\/uploads\/2013\/09\/41-150x150.gif\" class=\"attachment-thumbnail size-thumbnail\" alt=\"\" srcset=\"http:\/\/www.sbh-dresden.de\/CMS\/WP\/wp-content\/uploads\/2013\/09\/41-150x150.gif 150w, http:\/\/www.sbh-dresden.de\/CMS\/WP\/wp-content\/uploads\/2013\/09\/41-96x96.gif 96w, http:\/\/www.sbh-dresden.de\/CMS\/WP\/wp-content\/uploads\/2013\/09\/41-24x24.gif 24w, http:\/\/www.sbh-dresden.de\/CMS\/WP\/wp-content\/uploads\/2013\/09\/41-36x36.gif 36w, http:\/\/www.sbh-dresden.de\/CMS\/WP\/wp-content\/uploads\/2013\/09\/41-48x48.gif 48w, http:\/\/www.sbh-dresden.de\/CMS\/WP\/wp-content\/uploads\/2013\/09\/41-64x64.gif 64w\" sizes=\"auto, (max-width: 150px) 100vw, 150px\" \/><\/a>\n\t\t\t<\/div><\/figure><figure class='gallery-item'>\n\t\t\t<div class='gallery-icon landscape'>\n\t\t\t\t<a href='http:\/\/www.sbh-dresden.de\/CMS\/WP\/sonstiges\/sony-dsc\/'><img loading=\"lazy\" decoding=\"async\" width=\"150\" height=\"150\" src=\"http:\/\/www.sbh-dresden.de\/CMS\/WP\/wp-content\/uploads\/2016\/05\/aboutpixel.de-Farbeier-Uwe-Dressler-150x150.jpg\" class=\"attachment-thumbnail size-thumbnail\" alt=\"\" srcset=\"http:\/\/www.sbh-dresden.de\/CMS\/WP\/wp-content\/uploads\/2016\/05\/aboutpixel.de-Farbeier-Uwe-Dressler-150x150.jpg 150w, http:\/\/www.sbh-dresden.de\/CMS\/WP\/wp-content\/uploads\/2016\/05\/aboutpixel.de-Farbeier-Uwe-Dressler-144x144.jpg 144w, http:\/\/www.sbh-dresden.de\/CMS\/WP\/wp-content\/uploads\/2016\/05\/aboutpixel.de-Farbeier-Uwe-Dressler-96x96.jpg 96w, http:\/\/www.sbh-dresden.de\/CMS\/WP\/wp-content\/uploads\/2016\/05\/aboutpixel.de-Farbeier-Uwe-Dressler-24x24.jpg 24w, http:\/\/www.sbh-dresden.de\/CMS\/WP\/wp-content\/uploads\/2016\/05\/aboutpixel.de-Farbeier-Uwe-Dressler-36x36.jpg 36w, http:\/\/www.sbh-dresden.de\/CMS\/WP\/wp-content\/uploads\/2016\/05\/aboutpixel.de-Farbeier-Uwe-Dressler-48x48.jpg 48w, http:\/\/www.sbh-dresden.de\/CMS\/WP\/wp-content\/uploads\/2016\/05\/aboutpixel.de-Farbeier-Uwe-Dressler-64x64.jpg 64w, http:\/\/www.sbh-dresden.de\/CMS\/WP\/wp-content\/uploads\/2016\/05\/aboutpixel.de-Farbeier-Uwe-Dressler-480x480.jpg 480w, http:\/\/www.sbh-dresden.de\/CMS\/WP\/wp-content\/uploads\/2016\/05\/aboutpixel.de-Farbeier-Uwe-Dressler-100x100.jpg 100w\" sizes=\"auto, (max-width: 150px) 100vw, 150px\" \/><\/a>\n\t\t\t<\/div><\/figure><figure class='gallery-item'>\n\t\t\t<div class='gallery-icon landscape'>\n\t\t\t\t<a href='http:\/\/www.sbh-dresden.de\/CMS\/WP\/sonstiges\/aboutpixel-de-nuesse-chhmz\/'><img loading=\"lazy\" decoding=\"async\" width=\"150\" height=\"147\" src=\"http:\/\/www.sbh-dresden.de\/CMS\/WP\/wp-content\/uploads\/2016\/05\/aboutpixel.de-Nuesse-chhmz-150x147.jpg\" class=\"attachment-thumbnail size-thumbnail\" alt=\"\" srcset=\"http:\/\/www.sbh-dresden.de\/CMS\/WP\/wp-content\/uploads\/2016\/05\/aboutpixel.de-Nuesse-chhmz-150x147.jpg 150w, http:\/\/www.sbh-dresden.de\/CMS\/WP\/wp-content\/uploads\/2016\/05\/aboutpixel.de-Nuesse-chhmz-24x24.jpg 24w, http:\/\/www.sbh-dresden.de\/CMS\/WP\/wp-content\/uploads\/2016\/05\/aboutpixel.de-Nuesse-chhmz-36x36.jpg 36w, http:\/\/www.sbh-dresden.de\/CMS\/WP\/wp-content\/uploads\/2016\/05\/aboutpixel.de-Nuesse-chhmz-48x48.jpg 48w, http:\/\/www.sbh-dresden.de\/CMS\/WP\/wp-content\/uploads\/2016\/05\/aboutpixel.de-Nuesse-chhmz-64x64.jpg 64w\" sizes=\"auto, (max-width: 150px) 100vw, 150px\" \/><\/a>\n\t\t\t<\/div><\/figure><figure class='gallery-item'>\n\t\t\t<div class='gallery-icon landscape'>\n\t\t\t\t<a href='http:\/\/www.sbh-dresden.de\/CMS\/WP\/sonstiges\/gemuesekorb1\/'><img loading=\"lazy\" decoding=\"async\" width=\"150\" height=\"150\" src=\"http:\/\/www.sbh-dresden.de\/CMS\/WP\/wp-content\/uploads\/2016\/05\/gemuesekorb1-150x150.jpg\" class=\"attachment-thumbnail size-thumbnail\" alt=\"\" srcset=\"http:\/\/www.sbh-dresden.de\/CMS\/WP\/wp-content\/uploads\/2016\/05\/gemuesekorb1-150x150.jpg 150w, http:\/\/www.sbh-dresden.de\/CMS\/WP\/wp-content\/uploads\/2016\/05\/gemuesekorb1-250x250.jpg 250w, http:\/\/www.sbh-dresden.de\/CMS\/WP\/wp-content\/uploads\/2016\/05\/gemuesekorb1-144x144.jpg 144w, http:\/\/www.sbh-dresden.de\/CMS\/WP\/wp-content\/uploads\/2016\/05\/gemuesekorb1-96x96.jpg 96w, http:\/\/www.sbh-dresden.de\/CMS\/WP\/wp-content\/uploads\/2016\/05\/gemuesekorb1-24x24.jpg 24w, http:\/\/www.sbh-dresden.de\/CMS\/WP\/wp-content\/uploads\/2016\/05\/gemuesekorb1-36x36.jpg 36w, http:\/\/www.sbh-dresden.de\/CMS\/WP\/wp-content\/uploads\/2016\/05\/gemuesekorb1-48x48.jpg 48w, http:\/\/www.sbh-dresden.de\/CMS\/WP\/wp-content\/uploads\/2016\/05\/gemuesekorb1-64x64.jpg 64w, http:\/\/www.sbh-dresden.de\/CMS\/WP\/wp-content\/uploads\/2016\/05\/gemuesekorb1-480x480.jpg 480w, http:\/\/www.sbh-dresden.de\/CMS\/WP\/wp-content\/uploads\/2016\/05\/gemuesekorb1-100x100.jpg 100w\" sizes=\"auto, (max-width: 150px) 100vw, 150px\" \/><\/a>\n\t\t\t<\/div><\/figure><figure class='gallery-item'>\n\t\t\t<div class='gallery-icon landscape'>\n\t\t\t\t<a href='http:\/\/www.sbh-dresden.de\/CMS\/WP\/sonstiges\/obstkorb\/'><img loading=\"lazy\" decoding=\"async\" width=\"150\" height=\"150\" src=\"http:\/\/www.sbh-dresden.de\/CMS\/WP\/wp-content\/uploads\/2016\/05\/obstkorb-150x150.jpg\" class=\"attachment-thumbnail size-thumbnail\" alt=\"\" srcset=\"http:\/\/www.sbh-dresden.de\/CMS\/WP\/wp-content\/uploads\/2016\/05\/obstkorb-150x150.jpg 150w, http:\/\/www.sbh-dresden.de\/CMS\/WP\/wp-content\/uploads\/2016\/05\/obstkorb-144x144.jpg 144w, http:\/\/www.sbh-dresden.de\/CMS\/WP\/wp-content\/uploads\/2016\/05\/obstkorb-96x96.jpg 96w, http:\/\/www.sbh-dresden.de\/CMS\/WP\/wp-content\/uploads\/2016\/05\/obstkorb-24x24.jpg 24w, http:\/\/www.sbh-dresden.de\/CMS\/WP\/wp-content\/uploads\/2016\/05\/obstkorb-36x36.jpg 36w, http:\/\/www.sbh-dresden.de\/CMS\/WP\/wp-content\/uploads\/2016\/05\/obstkorb-48x48.jpg 48w, http:\/\/www.sbh-dresden.de\/CMS\/WP\/wp-content\/uploads\/2016\/05\/obstkorb-64x64.jpg 64w, http:\/\/www.sbh-dresden.de\/CMS\/WP\/wp-content\/uploads\/2016\/05\/obstkorb-100x100.jpg 100w, http:\/\/www.sbh-dresden.de\/CMS\/WP\/wp-content\/uploads\/2016\/05\/obstkorb-480x480.jpg 480w\" sizes=\"auto, (max-width: 150px) 100vw, 150px\" \/><\/a>\n\t\t\t<\/div><\/figure>\n\t\t<\/div>\n\n<p>&nbsp;<\/p>\n<h2 class=\"pageName Stil2\" style=\"text-align: center;\" align=\"center\"><strong><span class=\"Stil2 pageName\">Obst- und Gem\u00fcsek\u00f6rbe<\/span><\/strong><\/h2>\n<h2 class=\"pageName Stil2\" style=\"text-align: center;\" align=\"center\"><strong>Sauerkonserven <\/strong><\/h2>\n<p class=\"Aufz\u00e4hlung\" style=\"text-align: center;\" align=\"center\">Spreew\u00e4lder, Firma Risse, Weichaer<\/p>\n<h2 class=\"pageName Stil2\" style=\"text-align: center;\" align=\"center\"><strong>N\u00fcsse<\/strong><\/h2>\n<p class=\"Aufz\u00e4hlung\" style=\"text-align: center;\" align=\"center\">Mandeln, Esskastanien, Haseln\u00fcsse, Pecan\u00fcsse, Erdn\u00fcsse, Waln\u00fcsse<\/p>\n<h2 class=\"pageName Stil2\" style=\"text-align: center;\" align=\"center\"><strong>Milchprodukte<\/strong><\/h2>\n<p class=\"Aufz\u00e4hlung\" style=\"text-align: center;\" align=\"center\">Vollmilch, H-Milch, Joghurt, Speisequark, Pudding, Schlagsahne, Buttermilch, K\u00e4se, Butter, Margarine<\/p>\n<h2 class=\"pageName Stil2\" style=\"text-align: center;\" align=\"center\"><strong>Eier<\/strong><\/h2>\n<h2 class=\"pageName Stil2\" style=\"text-align: center;\" align=\"center\"><strong>Konserven<\/strong><\/h2>\n","protected":false},"excerpt":{"rendered":"<p>&nbsp; &nbsp; Obst- und Gem\u00fcsek\u00f6rbe Sauerkonserven Spreew\u00e4lder, Firma Risse, Weichaer N\u00fcsse Mandeln, Esskastanien, Haseln\u00fcsse, Pecan\u00fcsse, Erdn\u00fcsse, Waln\u00fcsse Milchprodukte Vollmilch, H-Milch, Joghurt, Speisequark, Pudding, Schlagsahne, Buttermilch, K\u00e4se, Butter, Margarine Eier Konserven<\/p>\n","protected":false},"author":1,"featured_media":0,"parent":0,"menu_order":0,"comment_status":"closed","ping_status":"closed","template":"","meta":{"footnotes":""},"class_list":["post-518","page","type-page","status-publish","hentry"],"_links":{"self":[{"href":"http:\/\/www.sbh-dresden.de\/CMS\/WP\/wp-json\/wp\/v2\/pages\/518","targetHints":{"allow":["GET"]}}],"collection":[{"href":"http:\/\/www.sbh-dresden.de\/CMS\/WP\/wp-json\/wp\/v2\/pages"}],"about":[{"href":"http:\/\/www.sbh-dresden.de\/CMS\/WP\/wp-json\/wp\/v2\/types\/page"}],"author":[{"embeddable":true,"href":"http:\/\/www.sbh-dresden.de\/CMS\/WP\/wp-json\/wp\/v2\/users\/1"}],"replies":[{"embeddable":true,"href":"http:\/\/www.sbh-dresden.de\/CMS\/WP\/wp-json\/wp\/v2\/comments?post=518"}],"version-history":[{"count":1,"href":"http:\/\/www.sbh-dresden.de\/CMS\/WP\/wp-json\/wp\/v2\/pages\/518\/revisions"}],"predecessor-version":[{"id":523,"href":"http:\/\/www.sbh-dresden.de\/CMS\/WP\/wp-json\/wp\/v2\/pages\/518\/revisions\/523"}],"wp:attachment":[{"href":"http:\/\/www.sbh-dresden.de\/CMS\/WP\/wp-json\/wp\/v2\/media?parent=518"}],"curies":[{"name":"wp","href":"https:\/\/api.w.org\/{rel}","templated":true}]}}